{"id":17094,"date":"2021-05-08T17:08:29","date_gmt":"2021-05-08T17:08:29","guid":{"rendered":"https:\/\/archiframe.fi\/?page_id=17094"},"modified":"2024-07-15T07:56:32","modified_gmt":"2024-07-15T07:56:32","slug":"konstruhkt-industries","status":"publish","type":"page","link":"https:\/\/archiframe.fi\/sv\/referenser\/konstruhkt-industries\/","title":{"rendered":"Konstruhkt Industries"},"content":{"rendered":"\t\t<div data-elementor-type=\"wp-page\" data-elementor-id=\"17094\" class=\"elementor elementor-17094 elementor-1695\" data-elementor-post-type=\"page\">\n\t\t\t\t\t\t<section class=\"elementor-section elementor-top-section elementor-element elementor-element-83b7c96 elementor-section-height-min-height elementor-section-boxed elementor-section-height-default elementor-section-items-middle\" data-id=\"83b7c96\" data-element_type=\"section\" data-e-type=\"section\" data-settings=\"{&quot;background_background&quot;:&quot;classic&quot;}\">\n\t\t\t\t\t\t\t<div class=\"elementor-background-overlay\"><\/div>\n\t\t\t\t\t\t\t<div class=\"elementor-container elementor-column-gap-default\">\n\t\t\t\t\t<div class=\"elementor-column elementor-col-50 elementor-top-column elementor-element elementor-element-e471bbb\" data-id=\"e471bbb\" data-element_type=\"column\" data-e-type=\"column\">\n\t\t\t<div class=\"elementor-widget-wrap elementor-element-populated\">\n\t\t\t\t\t\t<div class=\"elementor-element elementor-element-340a7d4 elementor-widget elementor-widget-heading\" data-id=\"340a7d4\" data-element_type=\"widget\" data-e-type=\"widget\" data-widget_type=\"heading.default\">\n\t\t\t\t<div class=\"elementor-widget-container\">\n\t\t\t\t\t<h2 class=\"elementor-heading-title elementor-size-default\">Konstruhkt<\/h2>\t\t\t\t<\/div>\n\t\t\t\t<\/div>\n\t\t\t\t<div class=\"elementor-element elementor-element-9ab582e elementor-widget elementor-widget-text-editor\" data-id=\"9ab582e\" data-element_type=\"widget\" data-e-type=\"widget\" data-widget_type=\"text-editor.default\">\n\t\t\t\t<div class=\"elementor-widget-container\">\n\t\t\t\t\t\t\t\t\t<p><a href=\"https:\/\/www.konstruhkt.co.nz\/\" target=\"_blank\" rel=\"noopener\">Konstruhkt Industries<\/a>, Nya Zeeland<\/p>\t\t\t\t\t\t\t\t<\/div>\n\t\t\t\t<\/div>\n\t\t\t\t<section class=\"elementor-section elementor-inner-section elementor-element elementor-element-0aa4a7b elementor-section-boxed elementor-section-height-default elementor-section-height-default\" data-id=\"0aa4a7b\" data-element_type=\"section\" data-e-type=\"section\">\n\t\t\t\t\t\t<div class=\"elementor-container elementor-column-gap-default\">\n\t\t\t\t\t<div class=\"elementor-column elementor-col-100 elementor-inner-column elementor-element elementor-element-c9e796b\" data-id=\"c9e796b\" data-element_type=\"column\" data-e-type=\"column\">\n\t\t\t<div class=\"elementor-widget-wrap elementor-element-populated\">\n\t\t\t\t\t\t<div class=\"elementor-element elementor-element-7487289 elementor-widget__width-initial elementor-widget elementor-widget-button\" data-id=\"7487289\" data-element_type=\"widget\" data-e-type=\"widget\" data-widget_type=\"button.default\">\n\t\t\t\t<div class=\"elementor-widget-container\">\n\t\t\t\t\t\t\t\t\t<div class=\"elementor-button-wrapper\">\n\t\t\t\t\t<a class=\"elementor-button elementor-button-link elementor-size-sm\" href=\"https:\/\/users.archiframe.fi\/sv\/free-trial\">\n\t\t\t\t\t\t<span class=\"elementor-button-content-wrapper\">\n\t\t\t\t\t\t\t\t\t<span class=\"elementor-button-text\">Prova<\/span>\n\t\t\t\t\t<\/span>\n\t\t\t\t\t<\/a>\n\t\t\t\t<\/div>\n\t\t\t\t\t\t\t\t<\/div>\n\t\t\t\t<\/div>\n\t\t\t\t<div class=\"elementor-element elementor-element-2229c13 elementor-align-left elementor-mobile-align-left elementor-widget__width-initial elementor-widget elementor-widget-button\" data-id=\"2229c13\" data-element_type=\"widget\" data-e-type=\"widget\" data-widget_type=\"button.default\">\n\t\t\t\t<div class=\"elementor-widget-container\">\n\t\t\t\t\t\t\t\t\t<div class=\"elementor-button-wrapper\">\n\t\t\t\t\t<a class=\"elementor-button elementor-button-link elementor-size-sm\" href=\"https:\/\/users.archiframe.fi\/en\/free-trial\">\n\t\t\t\t\t\t<span class=\"elementor-button-content-wrapper\">\n\t\t\t\t\t\t\t\t\t<span class=\"elementor-button-text\">Skaffa ArchiFrame<\/span>\n\t\t\t\t\t<\/span>\n\t\t\t\t\t<\/a>\n\t\t\t\t<\/div>\n\t\t\t\t\t\t\t\t<\/div>\n\t\t\t\t<\/div>\n\t\t\t\t\t<\/div>\n\t\t<\/div>\n\t\t\t\t\t<\/div>\n\t\t<\/section>\n\t\t\t\t\t<\/div>\n\t\t<\/div>\n\t\t\t\t<div class=\"elementor-column elementor-col-50 elementor-top-column elementor-element elementor-element-d93281d\" data-id=\"d93281d\" data-element_type=\"column\" data-e-type=\"column\">\n\t\t\t<div class=\"elementor-widget-wrap\">\n\t\t\t\t\t\t\t<\/div>\n\t\t<\/div>\n\t\t\t\t\t<\/div>\n\t\t<\/section>\n\t\t\t\t<section class=\"elementor-section elementor-top-section elementor-element elementor-element-0105288 elementor-section-boxed elementor-section-height-default elementor-section-height-default\" data-id=\"0105288\" data-element_type=\"section\" data-e-type=\"section\" data-settings=\"{&quot;background_background&quot;:&quot;classic&quot;}\">\n\t\t\t\t\t\t<div class=\"elementor-container elementor-column-gap-default\">\n\t\t\t\t\t<div class=\"elementor-column elementor-col-100 elementor-top-column elementor-element elementor-element-be0f034\" data-id=\"be0f034\" data-element_type=\"column\" data-e-type=\"column\">\n\t\t\t<div class=\"elementor-widget-wrap elementor-element-populated\">\n\t\t\t\t\t\t<div class=\"elementor-element elementor-element-8ad5dc7 elementor-widget elementor-widget-text-editor\" data-id=\"8ad5dc7\" data-element_type=\"widget\" data-e-type=\"widget\" data-widget_type=\"text-editor.default\">\n\t\t\t\t<div class=\"elementor-widget-container\">\n\t\t\t\t\t\t\t\t\t<p><a href=\"https:\/\/archiframe.fi\/fi\/referenssit\/\">&lt; <\/a><a href=\"https:\/\/archiframe.fi\/sv\/referenser\/\">Referenser<\/a><\/p>\t\t\t\t\t\t\t\t<\/div>\n\t\t\t\t<\/div>\n\t\t\t\t\t<\/div>\n\t\t<\/div>\n\t\t\t\t\t<\/div>\n\t\t<\/section>\n\t\t\t\t<section class=\"elementor-section elementor-top-section elementor-element elementor-element-1148ca1 elementor-section-content-middle elementor-section-boxed elementor-section-height-default elementor-section-height-default\" data-id=\"1148ca1\" data-element_type=\"section\" data-e-type=\"section\" data-settings=\"{&quot;background_background&quot;:&quot;classic&quot;}\">\n\t\t\t\t\t\t<div class=\"elementor-container elementor-column-gap-no\">\n\t\t\t\t\t<div class=\"elementor-column elementor-col-50 elementor-top-column elementor-element elementor-element-e660e0f\" data-id=\"e660e0f\" data-element_type=\"column\" data-e-type=\"column\">\n\t\t\t<div class=\"elementor-widget-wrap elementor-element-populated\">\n\t\t\t\t\t\t<div class=\"elementor-element elementor-element-bd94c50 elementor-widget elementor-widget-text-editor\" data-id=\"bd94c50\" data-element_type=\"widget\" data-e-type=\"widget\" data-widget_type=\"text-editor.default\">\n\t\t\t\t<div class=\"elementor-widget-container\">\n\t\t\t\t\t\t\t\t\t<p>Nyttan vi haft av ArchiFrame \u00e4r att f\u00e5 sk\u00e4rningslistor, komponentlistor och viktber\u00e4kningar \u00f6gonblickligen, som allt \u00e4r till stor hj\u00e4lp. Att skapa stommarna \u00e4r r\u00e4tt s\u00e5 enkelt och det finns m\u00e5nga anv\u00e4ndbara verktyg f\u00f6r att f\u00f6rsnabba modelleringsprocessen. M\u00f6jligheten att bygga in sk\u00e4rningstoleranser \u00e4r utm\u00e4rkt och har bidragit till exakta paneler. Vi har varit n\u00f6jda med projekten p\u00e5 byggplatsen, som alla passat samman v\u00e4ldigt bra. B\u00e5de kunderna och teamet p\u00e5 ort och st\u00e4lle \u00e4r n\u00f6jda med resultaten.<\/p>\t\t\t\t\t\t\t\t<\/div>\n\t\t\t\t<\/div>\n\t\t\t\t<div class=\"elementor-element elementor-element-5b888af elementor-position-left elementor-vertical-align-middle elementor-widget elementor-widget-image-box\" data-id=\"5b888af\" data-element_type=\"widget\" data-e-type=\"widget\" data-widget_type=\"image-box.default\">\n\t\t\t\t<div class=\"elementor-widget-container\">\n\t\t\t\t\t<div class=\"elementor-image-box-wrapper\"><figure class=\"elementor-image-box-img\"><img decoding=\"async\" width=\"160\" height=\"160\" src=\"https:\/\/archiframe.fi\/wp-content\/uploads\/2021\/05\/James_Rolfe.jpg\" class=\"attachment-full size-full wp-image-1298\" alt=\"\" srcset=\"https:\/\/archiframe.fi\/wp-content\/uploads\/2021\/05\/James_Rolfe.jpg 160w, https:\/\/archiframe.fi\/wp-content\/uploads\/2021\/05\/James_Rolfe-150x150.jpg 150w\" sizes=\"(max-width: 160px) 100vw, 160px\" \/><\/figure><div class=\"elementor-image-box-content\"><h3 class=\"elementor-image-box-title\">James Rolfe<\/h3><p class=\"elementor-image-box-description\">CEO, <a href=\"https:\/\/www.konstruhkt.co.nz\/\" target=\"_blank\">Konstruhkt Industries<\/a><\/p><\/div><\/div>\t\t\t\t<\/div>\n\t\t\t\t<\/div>\n\t\t\t\t\t<\/div>\n\t\t<\/div>\n\t\t\t\t<div class=\"elementor-column elementor-col-50 elementor-top-column elementor-element elementor-element-1f758a1\" data-id=\"1f758a1\" data-element_type=\"column\" data-e-type=\"column\" data-settings=\"{&quot;background_background&quot;:&quot;classic&quot;}\">\n\t\t\t<div class=\"elementor-widget-wrap elementor-element-populated\">\n\t\t\t\t\t\t\t<\/div>\n\t\t<\/div>\n\t\t\t\t\t<\/div>\n\t\t<\/section>\n\t\t\t\t<section class=\"elementor-section elementor-top-section elementor-element elementor-element-b292252 elementor-section-boxed elementor-section-height-default elementor-section-height-default\" data-id=\"b292252\" data-element_type=\"section\" data-e-type=\"section\" data-settings=\"{&quot;background_background&quot;:&quot;classic&quot;}\">\n\t\t\t\t\t\t<div class=\"elementor-container elementor-column-gap-default\">\n\t\t\t\t\t<div class=\"elementor-column elementor-col-100 elementor-top-column elementor-element elementor-element-b204586\" data-id=\"b204586\" data-element_type=\"column\" data-e-type=\"column\">\n\t\t\t<div class=\"elementor-widget-wrap elementor-element-populated\">\n\t\t\t\t\t\t<div class=\"elementor-element elementor-element-d79b98c elementor-widget elementor-widget-template\" data-id=\"d79b98c\" data-element_type=\"widget\" data-e-type=\"widget\" data-widget_type=\"template.default\">\n\t\t\t\t<div class=\"elementor-widget-container\">\n\t\t\t\t\t\t\t<div class=\"elementor-template\">\n\t\t\t\t\t<div data-elementor-type=\"section\" data-elementor-id=\"2859\" class=\"elementor elementor-2859\" data-elementor-post-type=\"elementor_library\">\n\t\t\t\t\t<section class=\"elementor-section elementor-top-section elementor-element elementor-element-303dca4 elementor-section-boxed elementor-section-height-default elementor-section-height-default\" data-id=\"303dca4\" data-element_type=\"section\" data-e-type=\"section\">\n\t\t\t\t\t\t<div class=\"elementor-container elementor-column-gap-default\">\n\t\t\t\t\t<div class=\"elementor-column elementor-col-100 elementor-top-column elementor-element elementor-element-64b3f646\" data-id=\"64b3f646\" data-element_type=\"column\" data-e-type=\"column\">\n\t\t\t<div class=\"elementor-widget-wrap elementor-element-populated\">\n\t\t\t\t\t\t<div class=\"elementor-element elementor-element-5127f16d elementor-share-buttons--view-icon elementor-share-buttons--skin-gradient elementor-share-buttons--shape-square elementor-grid-0 elementor-share-buttons--color-official elementor-widget elementor-widget-share-buttons\" data-id=\"5127f16d\" data-element_type=\"widget\" data-e-type=\"widget\" data-widget_type=\"share-buttons.default\">\n\t\t\t\t<div class=\"elementor-widget-container\">\n\t\t\t\t\t\t\t<div class=\"elementor-grid\" role=\"list\">\n\t\t\t\t\t\t\t\t<div class=\"elementor-grid-item\" role=\"listitem\">\n\t\t\t\t\t\t<div class=\"elementor-share-btn elementor-share-btn_facebook\" role=\"button\" tabindex=\"0\" aria-label=\"Share on facebook\">\n\t\t\t\t\t\t\t\t\t\t\t\t\t\t\t<span class=\"elementor-share-btn__icon\">\n\t\t\t\t\t\t\t\t<i class=\"fab fa-facebook\" aria-hidden=\"true\"><\/i>\t\t\t\t\t\t\t<\/span>\n\t\t\t\t\t\t\t\t\t\t\t\t\t\t\t\t\t\t\t\t<\/div>\n\t\t\t\t\t<\/div>\n\t\t\t\t\t\t\t\t\t<div class=\"elementor-grid-item\" role=\"listitem\">\n\t\t\t\t\t\t<div class=\"elementor-share-btn elementor-share-btn_twitter\" role=\"button\" tabindex=\"0\" aria-label=\"Share on twitter\">\n\t\t\t\t\t\t\t\t\t\t\t\t\t\t\t<span class=\"elementor-share-btn__icon\">\n\t\t\t\t\t\t\t\t<i class=\"fab fa-twitter\" aria-hidden=\"true\"><\/i>\t\t\t\t\t\t\t<\/span>\n\t\t\t\t\t\t\t\t\t\t\t\t\t\t\t\t\t\t\t\t<\/div>\n\t\t\t\t\t<\/div>\n\t\t\t\t\t\t\t\t\t<div class=\"elementor-grid-item\" role=\"listitem\">\n\t\t\t\t\t\t<div class=\"elementor-share-btn elementor-share-btn_linkedin\" role=\"button\" tabindex=\"0\" aria-label=\"Share on linkedin\">\n\t\t\t\t\t\t\t\t\t\t\t\t\t\t\t<span class=\"elementor-share-btn__icon\">\n\t\t\t\t\t\t\t\t<i class=\"fab fa-linkedin\" aria-hidden=\"true\"><\/i>\t\t\t\t\t\t\t<\/span>\n\t\t\t\t\t\t\t\t\t\t\t\t\t\t\t\t\t\t\t\t<\/div>\n\t\t\t\t\t<\/div>\n\t\t\t\t\t\t\t\t\t<div class=\"elementor-grid-item\" role=\"listitem\">\n\t\t\t\t\t\t<div class=\"elementor-share-btn elementor-share-btn_email\" role=\"button\" tabindex=\"0\" aria-label=\"Share on email\">\n\t\t\t\t\t\t\t\t\t\t\t\t\t\t\t<span class=\"elementor-share-btn__icon\">\n\t\t\t\t\t\t\t\t<i class=\"fas fa-envelope\" aria-hidden=\"true\"><\/i>\t\t\t\t\t\t\t<\/span>\n\t\t\t\t\t\t\t\t\t\t\t\t\t\t\t\t\t\t\t\t<\/div>\n\t\t\t\t\t<\/div>\n\t\t\t\t\t\t<\/div>\n\t\t\t\t\t\t<\/div>\n\t\t\t\t<\/div>\n\t\t\t\t\t<\/div>\n\t\t<\/div>\n\t\t\t\t\t<\/div>\n\t\t<\/section>\n\t\t\t\t<\/div>\n\t\t\t\t<\/div>\n\t\t\t\t\t\t<\/div>\n\t\t\t\t<\/div>\n\t\t\t\t\t<\/div>\n\t\t<\/div>\n\t\t\t\t\t<\/div>\n\t\t<\/section>\n\t\t\t\t<\/div>\n\t\t","protected":false},"excerpt":{"rendered":"<p>Konstruhkt Konstruhkt Industries, Nya Zeeland Prova Skaffa ArchiFrame &lt; Referenser Nyttan vi haft av ArchiFrame \u00e4r att f\u00e5 sk\u00e4rningslistor, komponentlistor och viktber\u00e4kningar \u00f6gonblickligen, som allt \u00e4r till stor hj\u00e4lp. Att [&hellip;]<\/p>\n","protected":false},"author":6,"featured_media":12334,"parent":13620,"menu_order":0,"comment_status":"closed","ping_status":"closed","template":"elementor_header_footer","meta":{"footnotes":""},"class_list":["post-17094","page","type-page","status-publish","has-post-thumbnail","hentry"],"yoast_head":"<!-- This site is optimized with the Yoast SEO plugin v27.3 - https:\/\/yoast.com\/product\/yoast-seo-wordpress\/ -->\n<title>Konstruhkt Industries - ArchiFrame<\/title>\n<meta name=\"robots\" content=\"index, follow, max-snippet:-1, max-image-preview:large, max-video-preview:-1\" \/>\n<link rel=\"canonical\" href=\"https:\/\/archiframe.fi\/sv\/referenser\/konstruhkt-industries\/\" \/>\n<meta property=\"og:locale\" content=\"sv_SE\" \/>\n<meta property=\"og:type\" content=\"article\" \/>\n<meta property=\"og:title\" content=\"Konstruhkt Industries - ArchiFrame\" \/>\n<meta property=\"og:description\" content=\"Konstruhkt Konstruhkt Industries, Nya Zeeland Prova Skaffa ArchiFrame &lt; Referenser Nyttan vi haft av ArchiFrame \u00e4r att f\u00e5 sk\u00e4rningslistor, komponentlistor och viktber\u00e4kningar \u00f6gonblickligen, som allt \u00e4r till stor hj\u00e4lp. Att [&hellip;]\" \/>\n<meta property=\"og:url\" content=\"https:\/\/archiframe.fi\/sv\/referenser\/konstruhkt-industries\/\" \/>\n<meta property=\"og:site_name\" content=\"ArchiFrame\" \/>\n<meta property=\"article:modified_time\" content=\"2024-07-15T07:56:32+00:00\" \/>\n<meta property=\"og:image\" content=\"https:\/\/archiframe.fi\/wp-content\/uploads\/2021\/06\/kuva52_pieni-scaled.jpg\" \/>\n\t<meta property=\"og:image:width\" content=\"2560\" \/>\n\t<meta property=\"og:image:height\" content=\"1438\" \/>\n\t<meta property=\"og:image:type\" content=\"image\/jpeg\" \/>\n<meta name=\"twitter:card\" content=\"summary_large_image\" \/>\n<meta name=\"twitter:label1\" content=\"Ber\u00e4knad l\u00e4stid\" \/>\n\t<meta name=\"twitter:data1\" content=\"1 minut\" \/>\n<script type=\"application\/ld+json\" class=\"yoast-schema-graph\">{\"@context\":\"https:\\\/\\\/schema.org\",\"@graph\":[{\"@type\":\"WebPage\",\"@id\":\"https:\\\/\\\/archiframe.fi\\\/sv\\\/referenser\\\/konstruhkt-industries\\\/\",\"url\":\"https:\\\/\\\/archiframe.fi\\\/sv\\\/referenser\\\/konstruhkt-industries\\\/\",\"name\":\"Konstruhkt Industries - ArchiFrame\",\"isPartOf\":{\"@id\":\"https:\\\/\\\/archiframe.fi\\\/en\\\/#website\"},\"primaryImageOfPage\":{\"@id\":\"https:\\\/\\\/archiframe.fi\\\/sv\\\/referenser\\\/konstruhkt-industries\\\/#primaryimage\"},\"image\":{\"@id\":\"https:\\\/\\\/archiframe.fi\\\/sv\\\/referenser\\\/konstruhkt-industries\\\/#primaryimage\"},\"thumbnailUrl\":\"https:\\\/\\\/archiframe.fi\\\/wp-content\\\/uploads\\\/2021\\\/06\\\/kuva52_pieni-scaled.jpg\",\"datePublished\":\"2021-05-08T17:08:29+00:00\",\"dateModified\":\"2024-07-15T07:56:32+00:00\",\"breadcrumb\":{\"@id\":\"https:\\\/\\\/archiframe.fi\\\/sv\\\/referenser\\\/konstruhkt-industries\\\/#breadcrumb\"},\"inLanguage\":\"sv-SE\",\"potentialAction\":[{\"@type\":\"ReadAction\",\"target\":[\"https:\\\/\\\/archiframe.fi\\\/sv\\\/referenser\\\/konstruhkt-industries\\\/\"]}]},{\"@type\":\"ImageObject\",\"inLanguage\":\"sv-SE\",\"@id\":\"https:\\\/\\\/archiframe.fi\\\/sv\\\/referenser\\\/konstruhkt-industries\\\/#primaryimage\",\"url\":\"https:\\\/\\\/archiframe.fi\\\/wp-content\\\/uploads\\\/2021\\\/06\\\/kuva52_pieni-scaled.jpg\",\"contentUrl\":\"https:\\\/\\\/archiframe.fi\\\/wp-content\\\/uploads\\\/2021\\\/06\\\/kuva52_pieni-scaled.jpg\",\"width\":2560,\"height\":1438},{\"@type\":\"BreadcrumbList\",\"@id\":\"https:\\\/\\\/archiframe.fi\\\/sv\\\/referenser\\\/konstruhkt-industries\\\/#breadcrumb\",\"itemListElement\":[{\"@type\":\"ListItem\",\"position\":1,\"name\":\"Home\",\"item\":\"https:\\\/\\\/archiframe.fi\\\/sv\\\/\"},{\"@type\":\"ListItem\",\"position\":2,\"name\":\"References\",\"item\":\"https:\\\/\\\/archiframe.fi\\\/sv\\\/referenser\\\/\"},{\"@type\":\"ListItem\",\"position\":3,\"name\":\"Konstruhkt Industries\"}]},{\"@type\":\"WebSite\",\"@id\":\"https:\\\/\\\/archiframe.fi\\\/en\\\/#website\",\"url\":\"https:\\\/\\\/archiframe.fi\\\/en\\\/\",\"name\":\"ArchiFrame\",\"description\":\"The Archicad extension for wooden structures\",\"potentialAction\":[{\"@type\":\"SearchAction\",\"target\":{\"@type\":\"EntryPoint\",\"urlTemplate\":\"https:\\\/\\\/archiframe.fi\\\/en\\\/?s={search_term_string}\"},\"query-input\":{\"@type\":\"PropertyValueSpecification\",\"valueRequired\":true,\"valueName\":\"search_term_string\"}}],\"inLanguage\":\"sv-SE\"}]}<\/script>\n<!-- \/ Yoast SEO plugin. -->","yoast_head_json":{"title":"Konstruhkt Industries - ArchiFrame","robots":{"index":"index","follow":"follow","max-snippet":"max-snippet:-1","max-image-preview":"max-image-preview:large","max-video-preview":"max-video-preview:-1"},"canonical":"https:\/\/archiframe.fi\/sv\/referenser\/konstruhkt-industries\/","og_locale":"sv_SE","og_type":"article","og_title":"Konstruhkt Industries - ArchiFrame","og_description":"Konstruhkt Konstruhkt Industries, Nya Zeeland Prova Skaffa ArchiFrame &lt; Referenser Nyttan vi haft av ArchiFrame \u00e4r att f\u00e5 sk\u00e4rningslistor, komponentlistor och viktber\u00e4kningar \u00f6gonblickligen, som allt \u00e4r till stor hj\u00e4lp. Att [&hellip;]","og_url":"https:\/\/archiframe.fi\/sv\/referenser\/konstruhkt-industries\/","og_site_name":"ArchiFrame","article_modified_time":"2024-07-15T07:56:32+00:00","og_image":[{"width":2560,"height":1438,"url":"https:\/\/archiframe.fi\/wp-content\/uploads\/2021\/06\/kuva52_pieni-scaled.jpg","type":"image\/jpeg"}],"twitter_card":"summary_large_image","twitter_misc":{"Ber\u00e4knad l\u00e4stid":"1 minut"},"schema":{"@context":"https:\/\/schema.org","@graph":[{"@type":"WebPage","@id":"https:\/\/archiframe.fi\/sv\/referenser\/konstruhkt-industries\/","url":"https:\/\/archiframe.fi\/sv\/referenser\/konstruhkt-industries\/","name":"Konstruhkt Industries - ArchiFrame","isPartOf":{"@id":"https:\/\/archiframe.fi\/en\/#website"},"primaryImageOfPage":{"@id":"https:\/\/archiframe.fi\/sv\/referenser\/konstruhkt-industries\/#primaryimage"},"image":{"@id":"https:\/\/archiframe.fi\/sv\/referenser\/konstruhkt-industries\/#primaryimage"},"thumbnailUrl":"https:\/\/archiframe.fi\/wp-content\/uploads\/2021\/06\/kuva52_pieni-scaled.jpg","datePublished":"2021-05-08T17:08:29+00:00","dateModified":"2024-07-15T07:56:32+00:00","breadcrumb":{"@id":"https:\/\/archiframe.fi\/sv\/referenser\/konstruhkt-industries\/#breadcrumb"},"inLanguage":"sv-SE","potentialAction":[{"@type":"ReadAction","target":["https:\/\/archiframe.fi\/sv\/referenser\/konstruhkt-industries\/"]}]},{"@type":"ImageObject","inLanguage":"sv-SE","@id":"https:\/\/archiframe.fi\/sv\/referenser\/konstruhkt-industries\/#primaryimage","url":"https:\/\/archiframe.fi\/wp-content\/uploads\/2021\/06\/kuva52_pieni-scaled.jpg","contentUrl":"https:\/\/archiframe.fi\/wp-content\/uploads\/2021\/06\/kuva52_pieni-scaled.jpg","width":2560,"height":1438},{"@type":"BreadcrumbList","@id":"https:\/\/archiframe.fi\/sv\/referenser\/konstruhkt-industries\/#breadcrumb","itemListElement":[{"@type":"ListItem","position":1,"name":"Home","item":"https:\/\/archiframe.fi\/sv\/"},{"@type":"ListItem","position":2,"name":"References","item":"https:\/\/archiframe.fi\/sv\/referenser\/"},{"@type":"ListItem","position":3,"name":"Konstruhkt Industries"}]},{"@type":"WebSite","@id":"https:\/\/archiframe.fi\/en\/#website","url":"https:\/\/archiframe.fi\/en\/","name":"ArchiFrame","description":"The Archicad extension for wooden structures","potentialAction":[{"@type":"SearchAction","target":{"@type":"EntryPoint","urlTemplate":"https:\/\/archiframe.fi\/en\/?s={search_term_string}"},"query-input":{"@type":"PropertyValueSpecification","valueRequired":true,"valueName":"search_term_string"}}],"inLanguage":"sv-SE"}]}},"_links":{"self":[{"href":"https:\/\/archiframe.fi\/sv\/wp-json\/wp\/v2\/pages\/17094","targetHints":{"allow":["GET"]}}],"collection":[{"href":"https:\/\/archiframe.fi\/sv\/wp-json\/wp\/v2\/pages"}],"about":[{"href":"https:\/\/archiframe.fi\/sv\/wp-json\/wp\/v2\/types\/page"}],"author":[{"embeddable":true,"href":"https:\/\/archiframe.fi\/sv\/wp-json\/wp\/v2\/users\/6"}],"replies":[{"embeddable":true,"href":"https:\/\/archiframe.fi\/sv\/wp-json\/wp\/v2\/comments?post=17094"}],"version-history":[{"count":0,"href":"https:\/\/archiframe.fi\/sv\/wp-json\/wp\/v2\/pages\/17094\/revisions"}],"up":[{"embeddable":true,"href":"https:\/\/archiframe.fi\/sv\/wp-json\/wp\/v2\/pages\/13620"}],"wp:featuredmedia":[{"embeddable":true,"href":"https:\/\/archiframe.fi\/sv\/wp-json\/wp\/v2\/media\/12334"}],"wp:attachment":[{"href":"https:\/\/archiframe.fi\/sv\/wp-json\/wp\/v2\/media?parent=17094"}],"curies":[{"name":"wp","href":"https:\/\/api.w.org\/{rel}","templated":true}]}}