{"id":28402,"date":"2024-08-16T10:10:41","date_gmt":"2024-08-16T10:10:41","guid":{"rendered":"https:\/\/archiframe.fi\/?page_id=28402"},"modified":"2024-08-16T13:19:49","modified_gmt":"2024-08-16T13:19:49","slug":"holz-und-treppenbau-stratznig","status":"publish","type":"page","link":"https:\/\/archiframe.fi\/fi\/referenssit\/holz-und-treppenbau-stratznig\/","title":{"rendered":"Holz- und Treppenbau Stratznig"},"content":{"rendered":"\t\t<div data-elementor-type=\"wp-page\" data-elementor-id=\"28402\" class=\"elementor elementor-28402 elementor-28325\" data-elementor-post-type=\"page\">\n\t\t\t\t\t\t<section class=\"elementor-section elementor-top-section elementor-element elementor-element-1a226fd elementor-section-height-min-height elementor-section-boxed elementor-section-height-default elementor-section-items-middle\" data-id=\"1a226fd\" data-element_type=\"section\" data-e-type=\"section\" data-settings=\"{&quot;background_background&quot;:&quot;classic&quot;}\">\n\t\t\t\t\t\t\t<div class=\"elementor-background-overlay\"><\/div>\n\t\t\t\t\t\t\t<div class=\"elementor-container elementor-column-gap-default\">\n\t\t\t\t\t<div class=\"elementor-column elementor-col-100 elementor-top-column elementor-element elementor-element-28a3a3c\" data-id=\"28a3a3c\" data-element_type=\"column\" data-e-type=\"column\">\n\t\t\t<div class=\"elementor-widget-wrap elementor-element-populated\">\n\t\t\t\t\t\t<div class=\"elementor-element elementor-element-f3b9ac7 elementor-widget elementor-widget-heading\" data-id=\"f3b9ac7\" data-element_type=\"widget\" data-e-type=\"widget\" data-widget_type=\"heading.default\">\n\t\t\t\t<div class=\"elementor-widget-container\">\n\t\t\t\t\t<h2 class=\"elementor-heading-title elementor-size-default\">Holz- und Treppenbau Stratznig<\/h2>\t\t\t\t<\/div>\n\t\t\t\t<\/div>\n\t\t\t\t<section class=\"elementor-section elementor-inner-section elementor-element elementor-element-ed58090 elementor-section-boxed elementor-section-height-default elementor-section-height-default\" data-id=\"ed58090\" data-element_type=\"section\" data-e-type=\"section\">\n\t\t\t\t\t\t<div class=\"elementor-container elementor-column-gap-default\">\n\t\t\t\t\t<div class=\"elementor-column elementor-col-100 elementor-inner-column elementor-element elementor-element-b51447a\" data-id=\"b51447a\" data-element_type=\"column\" data-e-type=\"column\">\n\t\t\t<div class=\"elementor-widget-wrap elementor-element-populated\">\n\t\t\t\t\t\t<div class=\"elementor-element elementor-element-472da36 elementor-widget__width-initial elementor-widget elementor-widget-text-editor\" data-id=\"472da36\" data-element_type=\"widget\" data-e-type=\"widget\" data-widget_type=\"text-editor.default\">\n\t\t\t\t<div class=\"elementor-widget-container\">\n\t\t\t\t\t\t\t\t\t<p>Yritys: <a href=\"https:\/\/stratznig.com\/\" target=\"_blank\" rel=\"noopener\">Holz- und Treppenbau Stratznig<\/a><br \/>Toimiala: Suunnittelu, puurakennukset, rakentaminen ja porrasrakenteet<br \/>Sijainti: G\u00f6riach, It\u00e4valta<br \/>Perustamisvuosi: 2022<\/p>\t\t\t\t\t\t\t\t<\/div>\n\t\t\t\t<\/div>\n\t\t\t\t\t<\/div>\n\t\t<\/div>\n\t\t\t\t\t<\/div>\n\t\t<\/section>\n\t\t\t\t<section class=\"elementor-section elementor-inner-section elementor-element elementor-element-34033dc elementor-section-boxed elementor-section-height-default elementor-section-height-default\" data-id=\"34033dc\" data-element_type=\"section\" data-e-type=\"section\">\n\t\t\t\t\t\t<div class=\"elementor-container elementor-column-gap-default\">\n\t\t\t\t\t<div class=\"elementor-column elementor-col-100 elementor-inner-column elementor-element elementor-element-d9a5057\" data-id=\"d9a5057\" data-element_type=\"column\" data-e-type=\"column\">\n\t\t\t<div class=\"elementor-widget-wrap elementor-element-populated\">\n\t\t\t\t\t\t<div class=\"elementor-element elementor-element-0b7881d elementor-widget__width-initial elementor-widget elementor-widget-button\" data-id=\"0b7881d\" data-element_type=\"widget\" data-e-type=\"widget\" data-widget_type=\"button.default\">\n\t\t\t\t<div class=\"elementor-widget-container\">\n\t\t\t\t\t\t\t\t\t<div class=\"elementor-button-wrapper\">\n\t\t\t\t\t<a class=\"elementor-button elementor-button-link elementor-size-sm\" href=\"https:\/\/users.archiframe.fi\/fi\/free-trial\">\n\t\t\t\t\t\t<span class=\"elementor-button-content-wrapper\">\n\t\t\t\t\t\t\t\t\t<span class=\"elementor-button-text\">Kokeile veloituksetta<\/span>\n\t\t\t\t\t<\/span>\n\t\t\t\t\t<\/a>\n\t\t\t\t<\/div>\n\t\t\t\t\t\t\t\t<\/div>\n\t\t\t\t<\/div>\n\t\t\t\t<div class=\"elementor-element elementor-element-5d030b0 elementor-align-left elementor-mobile-align-left elementor-widget__width-initial elementor-widget elementor-widget-button\" data-id=\"5d030b0\" data-element_type=\"widget\" data-e-type=\"widget\" data-widget_type=\"button.default\">\n\t\t\t\t<div class=\"elementor-widget-container\">\n\t\t\t\t\t\t\t\t\t<div class=\"elementor-button-wrapper\">\n\t\t\t\t\t<a class=\"elementor-button elementor-button-link elementor-size-sm\" href=\"https:\/\/archiframe.fi\/fi\/osta-archiframe\/\">\n\t\t\t\t\t\t<span class=\"elementor-button-content-wrapper\">\n\t\t\t\t\t\t\t\t\t<span class=\"elementor-button-text\">Osta ArchiFrame<\/span>\n\t\t\t\t\t<\/span>\n\t\t\t\t\t<\/a>\n\t\t\t\t<\/div>\n\t\t\t\t\t\t\t\t<\/div>\n\t\t\t\t<\/div>\n\t\t\t\t\t<\/div>\n\t\t<\/div>\n\t\t\t\t\t<\/div>\n\t\t<\/section>\n\t\t\t\t\t<\/div>\n\t\t<\/div>\n\t\t\t\t\t<\/div>\n\t\t<\/section>\n\t\t\t\t<section class=\"elementor-section elementor-top-section elementor-element elementor-element-c856297 elementor-section-boxed elementor-section-height-default elementor-section-height-default\" data-id=\"c856297\" data-element_type=\"section\" data-e-type=\"section\" data-settings=\"{&quot;background_background&quot;:&quot;classic&quot;}\">\n\t\t\t\t\t\t<div class=\"elementor-container elementor-column-gap-default\">\n\t\t\t\t\t<div class=\"elementor-column elementor-col-100 elementor-top-column elementor-element elementor-element-ef169de\" data-id=\"ef169de\" data-element_type=\"column\" data-e-type=\"column\">\n\t\t\t<div class=\"elementor-widget-wrap elementor-element-populated\">\n\t\t\t\t\t\t<div class=\"elementor-element elementor-element-65a3e0c elementor-widget elementor-widget-text-editor\" data-id=\"65a3e0c\" data-element_type=\"widget\" data-e-type=\"widget\" data-widget_type=\"text-editor.default\">\n\t\t\t\t<div class=\"elementor-widget-container\">\n\t\t\t\t\t\t\t\t\t<p><a href=\"https:\/\/archiframe.fi\/fi\/referenssit\/\">&lt; Referenssit<\/a><\/p>\t\t\t\t\t\t\t\t<\/div>\n\t\t\t\t<\/div>\n\t\t\t\t\t<\/div>\n\t\t<\/div>\n\t\t\t\t\t<\/div>\n\t\t<\/section>\n\t\t\t\t<section class=\"elementor-section elementor-top-section elementor-element elementor-element-7fef1ac elementor-section-content-middle elementor-section-boxed elementor-section-height-default elementor-section-height-default\" data-id=\"7fef1ac\" data-element_type=\"section\" data-e-type=\"section\" data-settings=\"{&quot;background_background&quot;:&quot;classic&quot;}\">\n\t\t\t\t\t\t<div class=\"elementor-container elementor-column-gap-no\">\n\t\t\t\t\t<div class=\"elementor-column elementor-col-50 elementor-top-column elementor-element elementor-element-82b11a2\" data-id=\"82b11a2\" data-element_type=\"column\" data-e-type=\"column\">\n\t\t\t<div class=\"elementor-widget-wrap elementor-element-populated\">\n\t\t\t\t\t\t<div class=\"elementor-element elementor-element-8b66d4a elementor-widget elementor-widget-heading\" data-id=\"8b66d4a\" data-element_type=\"widget\" data-e-type=\"widget\" data-widget_type=\"heading.default\">\n\t\t\t\t<div class=\"elementor-widget-container\">\n\t\t\t\t\t<h2 class=\"elementor-heading-title elementor-size-default\">Taustaa<\/h2>\t\t\t\t<\/div>\n\t\t\t\t<\/div>\n\t\t\t\t<div class=\"elementor-element elementor-element-fbac57e elementor-widget elementor-widget-text-editor\" data-id=\"fbac57e\" data-element_type=\"widget\" data-e-type=\"widget\" data-widget_type=\"text-editor.default\">\n\t\t\t\t<div class=\"elementor-widget-container\">\n\t\t\t\t\t\t\t\t\t<p>Holz- und Treppenbau Stratznigia johtavat kaksi veljest\u00e4, Josef Stratznig (Master Woodworker) ja Martin Stratznig (Master Carpenter). Holz- und Treppenbau Stratznig yhdist\u00e4\u00e4 vuosien ammattikokemuksen puusep\u00e4nty\u00f6ss\u00e4 ja portaiden rakentamisessa jatkuvaan innovointiin toimittaakseen laajan valikoiman projekteja. Yritys on ylpe\u00e4 korkeista teknisist\u00e4 standardeistaan ja laadukkaasta toteutuksestaan.<\/p>\t\t\t\t\t\t\t\t<\/div>\n\t\t\t\t<\/div>\n\t\t\t\t<div class=\"elementor-element elementor-element-a9a6f35 elementor-widget elementor-widget-heading\" data-id=\"a9a6f35\" data-element_type=\"widget\" data-e-type=\"widget\" data-widget_type=\"heading.default\">\n\t\t\t\t<div class=\"elementor-widget-container\">\n\t\t\t\t\t<h2 class=\"elementor-heading-title elementor-size-default\">Miksi Holz- und Treppenbau Stratznig k\u00e4ytt\u00e4\u00e4 mielell\u00e4\u00e4n ArchiFramea?<\/h2>\t\t\t\t<\/div>\n\t\t\t\t<\/div>\n\t\t\t\t<div class=\"elementor-element elementor-element-ffb73eb elementor-widget elementor-widget-text-editor\" data-id=\"ffb73eb\" data-element_type=\"widget\" data-e-type=\"widget\" data-widget_type=\"text-editor.default\">\n\t\t\t\t<div class=\"elementor-widget-container\">\n\t\t\t\t\t\t\t\t\t<p>Josef Stratznig luottaa Archicadiin ja ArchiFrameen ja kertoo ohjelmistokokemuksistaan seuraavaa:<\/p><p>&#8221;Olen piirt\u00e4nyt Archicadilla useita vuosia ja k\u00e4yt\u00e4n sit\u00e4 p\u00e4\u00e4asiassa lupakuvien luomiseen. Archicad-malli, erityisesti BIMx:n avulla, tekee ty\u00f6skentelyst\u00e4 asiakkaan kanssa suunnitteluvaiheesta lupakuvien laatimiseen paljon helpompaa (aikaisemmin tein 2D-suunnitelmia).<\/p><p>Ennen kuin p\u00e4\u00e4timme siirty\u00e4 ArchiFrameen, testasimme toista puurakennusohjelmistoa noin yhdeks\u00e4n kuukauden ajan. Ongelma oli, ett\u00e4 toisen ohjelmiston opettelu p\u00e4ivitt\u00e4isen liiketoiminnan ohella oli l\u00e4hes mahdotonta. ArchiFramen avulla meid\u00e4n ei tarvinnut opetella uutta ohjelmaa, ja suurin etu meille pienen\u00e4 yrityksen\u00e4 on, ett\u00e4 voimme jatkaa ty\u00f6skentely\u00e4 yhdess\u00e4 ohjelmassa ja vied\u00e4 puurakennusprojektimme aina CNC-tiedostoksi asti.&#8221;<\/p>\t\t\t\t\t\t\t\t<\/div>\n\t\t\t\t<\/div>\n\t\t\t\t<div class=\"elementor-element elementor-element-a8cdc13 elementor-vertical-align-middle elementor-widget elementor-widget-image-box\" data-id=\"a8cdc13\" data-element_type=\"widget\" data-e-type=\"widget\" data-widget_type=\"image-box.default\">\n\t\t\t\t<div class=\"elementor-widget-container\">\n\t\t\t\t\t<div class=\"elementor-image-box-wrapper\"><div class=\"elementor-image-box-content\"><h3 class=\"elementor-image-box-title\">Josef Stratznig &amp; Martin Stratznig<\/h3><p class=\"elementor-image-box-description\"><a href=\"https:\/\/stratznig.com\/\" target=\"_blank\">Holz- und Treppenbau Stratznig<\/a><\/p><\/div><\/div>\t\t\t\t<\/div>\n\t\t\t\t<\/div>\n\t\t\t\t\t<\/div>\n\t\t<\/div>\n\t\t\t\t<div class=\"elementor-column elementor-col-50 elementor-top-column elementor-element elementor-element-319f208\" data-id=\"319f208\" data-element_type=\"column\" data-e-type=\"column\" data-settings=\"{&quot;background_background&quot;:&quot;classic&quot;}\">\n\t\t\t<div class=\"elementor-widget-wrap elementor-element-populated\">\n\t\t\t\t\t\t<div class=\"elementor-element elementor-element-c2a1b9d elementor-widget elementor-widget-image\" data-id=\"c2a1b9d\" data-element_type=\"widget\" data-e-type=\"widget\" data-widget_type=\"image.default\">\n\t\t\t\t<div class=\"elementor-widget-container\">\n\t\t\t\t\t\t\t\t\t\t\t\t<figure class=\"wp-caption\">\n\t\t\t\t\t\t\t\t\t\t<img fetchpriority=\"high\" decoding=\"async\" width=\"691\" height=\"1024\" src=\"https:\/\/archiframe.fi\/wp-content\/uploads\/Holz_und_Treppenbau_Stratznig_pieni-5-691x1024.jpg\" class=\"attachment-large size-large wp-image-28394\" alt=\"Holz- und Treppenbau Stratznig\" srcset=\"https:\/\/archiframe.fi\/wp-content\/uploads\/Holz_und_Treppenbau_Stratznig_pieni-5-691x1024.jpg 691w, https:\/\/archiframe.fi\/wp-content\/uploads\/Holz_und_Treppenbau_Stratznig_pieni-5-203x300.jpg 203w, https:\/\/archiframe.fi\/wp-content\/uploads\/Holz_und_Treppenbau_Stratznig_pieni-5-768x1138.jpg 768w, https:\/\/archiframe.fi\/wp-content\/uploads\/Holz_und_Treppenbau_Stratznig_pieni-5.jpg 800w\" sizes=\"(max-width: 691px) 100vw, 691px\" \/>\t\t\t\t\t\t\t\t\t\t\t<figcaption class=\"widget-image-caption wp-caption-text\">Josef Stratznig (Master Woodworker) and Martin Stratznig (Master Carpenter), Holz- und Treppenbau Stratznig.<\/figcaption>\n\t\t\t\t\t\t\t\t\t\t<\/figure>\n\t\t\t\t\t\t\t\t\t<\/div>\n\t\t\t\t<\/div>\n\t\t\t\t\t<\/div>\n\t\t<\/div>\n\t\t\t\t\t<\/div>\n\t\t<\/section>\n\t\t\t\t<section class=\"elementor-section elementor-top-section elementor-element elementor-element-5136d08 elementor-section-boxed elementor-section-height-default elementor-section-height-default\" data-id=\"5136d08\" data-element_type=\"section\" data-e-type=\"section\" data-settings=\"{&quot;background_background&quot;:&quot;classic&quot;}\">\n\t\t\t\t\t\t<div class=\"elementor-container elementor-column-gap-default\">\n\t\t\t\t\t<div class=\"elementor-column elementor-col-100 elementor-top-column elementor-element elementor-element-dec3529\" data-id=\"dec3529\" data-element_type=\"column\" data-e-type=\"column\">\n\t\t\t<div class=\"elementor-widget-wrap elementor-element-populated\">\n\t\t\t\t\t\t<div class=\"elementor-element elementor-element-c9fb4da elementor-widget elementor-widget-video\" data-id=\"c9fb4da\" data-element_type=\"widget\" data-e-type=\"widget\" data-settings=\"{&quot;youtube_url&quot;:&quot;https:\\\/\\\/www.youtube.com\\\/watch?v=fG_tNr3KfQs&quot;,&quot;video_type&quot;:&quot;youtube&quot;,&quot;controls&quot;:&quot;yes&quot;}\" data-widget_type=\"video.default\">\n\t\t\t\t<div class=\"elementor-widget-container\">\n\t\t\t\t\t\t\t<div class=\"elementor-wrapper elementor-open-inline\">\n\t\t\t<div class=\"elementor-video\"><\/div>\t\t<\/div>\n\t\t\t\t\t\t<\/div>\n\t\t\t\t<\/div>\n\t\t\t\t\t<\/div>\n\t\t<\/div>\n\t\t\t\t\t<\/div>\n\t\t<\/section>\n\t\t\t\t<section class=\"elementor-section elementor-top-section elementor-element elementor-element-6d8c66a elementor-section-boxed elementor-section-height-default elementor-section-height-default\" data-id=\"6d8c66a\" data-element_type=\"section\" data-e-type=\"section\" data-settings=\"{&quot;background_background&quot;:&quot;classic&quot;}\">\n\t\t\t\t\t\t<div class=\"elementor-container elementor-column-gap-default\">\n\t\t\t\t\t<div class=\"elementor-column elementor-col-100 elementor-top-column elementor-element elementor-element-555f9a0\" data-id=\"555f9a0\" data-element_type=\"column\" data-e-type=\"column\">\n\t\t\t<div class=\"elementor-widget-wrap elementor-element-populated\">\n\t\t\t\t\t\t<div class=\"elementor-element elementor-element-60c088f elementor-widget elementor-widget-template\" data-id=\"60c088f\" data-element_type=\"widget\" data-e-type=\"widget\" data-widget_type=\"template.default\">\n\t\t\t\t<div class=\"elementor-widget-container\">\n\t\t\t\t\t\t\t<div class=\"elementor-template\">\n\t\t\t\t\t<div data-elementor-type=\"section\" data-elementor-id=\"2859\" class=\"elementor elementor-2859\" data-elementor-post-type=\"elementor_library\">\n\t\t\t\t\t<section class=\"elementor-section elementor-top-section elementor-element elementor-element-303dca4 elementor-section-boxed elementor-section-height-default elementor-section-height-default\" data-id=\"303dca4\" data-element_type=\"section\" data-e-type=\"section\">\n\t\t\t\t\t\t<div class=\"elementor-container elementor-column-gap-default\">\n\t\t\t\t\t<div class=\"elementor-column elementor-col-100 elementor-top-column elementor-element elementor-element-64b3f646\" data-id=\"64b3f646\" data-element_type=\"column\" data-e-type=\"column\">\n\t\t\t<div class=\"elementor-widget-wrap elementor-element-populated\">\n\t\t\t\t\t\t<div class=\"elementor-element elementor-element-5127f16d elementor-share-buttons--view-icon elementor-share-buttons--skin-gradient elementor-share-buttons--shape-square elementor-grid-0 elementor-share-buttons--color-official elementor-widget elementor-widget-share-buttons\" data-id=\"5127f16d\" data-element_type=\"widget\" data-e-type=\"widget\" data-widget_type=\"share-buttons.default\">\n\t\t\t\t<div class=\"elementor-widget-container\">\n\t\t\t\t\t\t\t<div class=\"elementor-grid\" role=\"list\">\n\t\t\t\t\t\t\t\t<div class=\"elementor-grid-item\" role=\"listitem\">\n\t\t\t\t\t\t<div class=\"elementor-share-btn elementor-share-btn_facebook\" role=\"button\" tabindex=\"0\" aria-label=\"Teilen auf facebook\">\n\t\t\t\t\t\t\t\t\t\t\t\t\t\t\t<span class=\"elementor-share-btn__icon\">\n\t\t\t\t\t\t\t\t<i class=\"fab fa-facebook\" aria-hidden=\"true\"><\/i>\t\t\t\t\t\t\t<\/span>\n\t\t\t\t\t\t\t\t\t\t\t\t\t\t\t\t\t\t\t\t<\/div>\n\t\t\t\t\t<\/div>\n\t\t\t\t\t\t\t\t\t<div class=\"elementor-grid-item\" role=\"listitem\">\n\t\t\t\t\t\t<div class=\"elementor-share-btn elementor-share-btn_twitter\" role=\"button\" tabindex=\"0\" aria-label=\"Teilen auf twitter\">\n\t\t\t\t\t\t\t\t\t\t\t\t\t\t\t<span class=\"elementor-share-btn__icon\">\n\t\t\t\t\t\t\t\t<i class=\"fab fa-twitter\" aria-hidden=\"true\"><\/i>\t\t\t\t\t\t\t<\/span>\n\t\t\t\t\t\t\t\t\t\t\t\t\t\t\t\t\t\t\t\t<\/div>\n\t\t\t\t\t<\/div>\n\t\t\t\t\t\t\t\t\t<div class=\"elementor-grid-item\" role=\"listitem\">\n\t\t\t\t\t\t<div class=\"elementor-share-btn elementor-share-btn_linkedin\" role=\"button\" tabindex=\"0\" aria-label=\"Teilen auf linkedin\">\n\t\t\t\t\t\t\t\t\t\t\t\t\t\t\t<span class=\"elementor-share-btn__icon\">\n\t\t\t\t\t\t\t\t<i class=\"fab fa-linkedin\" aria-hidden=\"true\"><\/i>\t\t\t\t\t\t\t<\/span>\n\t\t\t\t\t\t\t\t\t\t\t\t\t\t\t\t\t\t\t\t<\/div>\n\t\t\t\t\t<\/div>\n\t\t\t\t\t\t\t\t\t<div class=\"elementor-grid-item\" role=\"listitem\">\n\t\t\t\t\t\t<div class=\"elementor-share-btn elementor-share-btn_email\" role=\"button\" tabindex=\"0\" aria-label=\"Teilen auf email\">\n\t\t\t\t\t\t\t\t\t\t\t\t\t\t\t<span class=\"elementor-share-btn__icon\">\n\t\t\t\t\t\t\t\t<i class=\"fas fa-envelope\" aria-hidden=\"true\"><\/i>\t\t\t\t\t\t\t<\/span>\n\t\t\t\t\t\t\t\t\t\t\t\t\t\t\t\t\t\t\t\t<\/div>\n\t\t\t\t\t<\/div>\n\t\t\t\t\t\t<\/div>\n\t\t\t\t\t\t<\/div>\n\t\t\t\t<\/div>\n\t\t\t\t\t<\/div>\n\t\t<\/div>\n\t\t\t\t\t<\/div>\n\t\t<\/section>\n\t\t\t\t<\/div>\n\t\t\t\t<\/div>\n\t\t\t\t\t\t<\/div>\n\t\t\t\t<\/div>\n\t\t\t\t\t<\/div>\n\t\t<\/div>\n\t\t\t\t\t<\/div>\n\t\t<\/section>\n\t\t\t\t<\/div>\n\t\t","protected":false},"excerpt":{"rendered":"<p>Holz- und Treppenbau Stratznig Yritys: Holz- und Treppenbau StratznigToimiala: Suunnittelu, puurakennukset, rakentaminen ja porrasrakenteetSijainti: G\u00f6riach, It\u00e4valtaPerustamisvuosi: 2022 Kokeile veloituksetta Osta ArchiFrame &lt; Referenssit Taustaa Holz- und Treppenbau Stratznigia johtavat kaksi [&hellip;]<\/p>\n","protected":false},"author":2,"featured_media":25525,"parent":13614,"menu_order":0,"comment_status":"closed","ping_status":"closed","template":"elementor_header_footer","meta":{"footnotes":""},"class_list":["post-28402","page","type-page","status-publish","has-post-thumbnail","hentry"],"yoast_head":"<!-- This site is optimized with the Yoast SEO plugin v27.3 - https:\/\/yoast.com\/product\/yoast-seo-wordpress\/ -->\n<title>Holz- und Treppenbau Stratznig - ArchiFrame<\/title>\n<meta name=\"robots\" content=\"index, follow, max-snippet:-1, max-image-preview:large, max-video-preview:-1\" \/>\n<link rel=\"canonical\" href=\"https:\/\/archiframe.fi\/en\/references\/holz-und-treppenbau-stratznig\/\" \/>\n<meta property=\"og:locale\" content=\"fi_FI\" \/>\n<meta property=\"og:type\" content=\"article\" \/>\n<meta property=\"og:title\" content=\"Holz- und Treppenbau Stratznig - ArchiFrame\" \/>\n<meta property=\"og:description\" content=\"Holz- und Treppenbau Stratznig Yritys: Holz- und Treppenbau StratznigToimiala: Suunnittelu, puurakennukset, rakentaminen ja porrasrakenteetSijainti: G\u00f6riach, It\u00e4valtaPerustamisvuosi: 2022 Kokeile veloituksetta Osta ArchiFrame &lt; Referenssit Taustaa Holz- und Treppenbau Stratznigia johtavat kaksi [&hellip;]\" \/>\n<meta property=\"og:url\" content=\"https:\/\/archiframe.fi\/en\/references\/holz-und-treppenbau-stratznig\/\" \/>\n<meta property=\"og:site_name\" content=\"ArchiFrame\" \/>\n<meta property=\"article:modified_time\" content=\"2024-08-16T13:19:49+00:00\" \/>\n<meta property=\"og:image\" content=\"https:\/\/archiframe.fi\/wp-content\/uploads\/bannerikuva15-1-1.jpg\" \/>\n\t<meta property=\"og:image:width\" content=\"800\" \/>\n\t<meta property=\"og:image:height\" content=\"450\" \/>\n\t<meta property=\"og:image:type\" content=\"image\/jpeg\" \/>\n<meta name=\"twitter:card\" content=\"summary_large_image\" \/>\n<meta name=\"twitter:label1\" content=\"Arvioitu lukuaika\" \/>\n\t<meta name=\"twitter:data1\" content=\"2 minuuttia\" \/>\n<script type=\"application\/ld+json\" class=\"yoast-schema-graph\">{\"@context\":\"https:\\\/\\\/schema.org\",\"@graph\":[{\"@type\":\"WebPage\",\"@id\":\"https:\\\/\\\/archiframe.fi\\\/en\\\/references\\\/holz-und-treppenbau-stratznig\\\/\",\"url\":\"https:\\\/\\\/archiframe.fi\\\/en\\\/references\\\/holz-und-treppenbau-stratznig\\\/\",\"name\":\"Holz- und Treppenbau Stratznig - ArchiFrame\",\"isPartOf\":{\"@id\":\"https:\\\/\\\/archiframe.fi\\\/en\\\/#website\"},\"primaryImageOfPage\":{\"@id\":\"https:\\\/\\\/archiframe.fi\\\/en\\\/references\\\/holz-und-treppenbau-stratznig\\\/#primaryimage\"},\"image\":{\"@id\":\"https:\\\/\\\/archiframe.fi\\\/en\\\/references\\\/holz-und-treppenbau-stratznig\\\/#primaryimage\"},\"thumbnailUrl\":\"https:\\\/\\\/archiframe.fi\\\/wp-content\\\/uploads\\\/bannerikuva15-1-1.jpg\",\"datePublished\":\"2024-08-16T10:10:41+00:00\",\"dateModified\":\"2024-08-16T13:19:49+00:00\",\"breadcrumb\":{\"@id\":\"https:\\\/\\\/archiframe.fi\\\/en\\\/references\\\/holz-und-treppenbau-stratznig\\\/#breadcrumb\"},\"inLanguage\":\"fi\",\"potentialAction\":[{\"@type\":\"ReadAction\",\"target\":[\"https:\\\/\\\/archiframe.fi\\\/en\\\/references\\\/holz-und-treppenbau-stratznig\\\/\"]}]},{\"@type\":\"ImageObject\",\"inLanguage\":\"fi\",\"@id\":\"https:\\\/\\\/archiframe.fi\\\/en\\\/references\\\/holz-und-treppenbau-stratznig\\\/#primaryimage\",\"url\":\"https:\\\/\\\/archiframe.fi\\\/wp-content\\\/uploads\\\/bannerikuva15-1-1.jpg\",\"contentUrl\":\"https:\\\/\\\/archiframe.fi\\\/wp-content\\\/uploads\\\/bannerikuva15-1-1.jpg\",\"width\":800,\"height\":450},{\"@type\":\"BreadcrumbList\",\"@id\":\"https:\\\/\\\/archiframe.fi\\\/en\\\/references\\\/holz-und-treppenbau-stratznig\\\/#breadcrumb\",\"itemListElement\":[{\"@type\":\"ListItem\",\"position\":1,\"name\":\"Home\",\"item\":\"https:\\\/\\\/archiframe.fi\\\/en\\\/\"},{\"@type\":\"ListItem\",\"position\":2,\"name\":\"Referenssit\",\"item\":\"https:\\\/\\\/archiframe.fi\\\/en\\\/references\\\/\"},{\"@type\":\"ListItem\",\"position\":3,\"name\":\"Holz- und Treppenbau Stratznig\"}]},{\"@type\":\"WebSite\",\"@id\":\"https:\\\/\\\/archiframe.fi\\\/en\\\/#website\",\"url\":\"https:\\\/\\\/archiframe.fi\\\/en\\\/\",\"name\":\"ArchiFrame\",\"description\":\"The Archicad extension for wooden structures\",\"potentialAction\":[{\"@type\":\"SearchAction\",\"target\":{\"@type\":\"EntryPoint\",\"urlTemplate\":\"https:\\\/\\\/archiframe.fi\\\/en\\\/?s={search_term_string}\"},\"query-input\":{\"@type\":\"PropertyValueSpecification\",\"valueRequired\":true,\"valueName\":\"search_term_string\"}}],\"inLanguage\":\"fi\"}]}<\/script>\n<!-- \/ Yoast SEO plugin. -->","yoast_head_json":{"title":"Holz- und Treppenbau Stratznig - ArchiFrame","robots":{"index":"index","follow":"follow","max-snippet":"max-snippet:-1","max-image-preview":"max-image-preview:large","max-video-preview":"max-video-preview:-1"},"canonical":"https:\/\/archiframe.fi\/en\/references\/holz-und-treppenbau-stratznig\/","og_locale":"fi_FI","og_type":"article","og_title":"Holz- und Treppenbau Stratznig - ArchiFrame","og_description":"Holz- und Treppenbau Stratznig Yritys: Holz- und Treppenbau StratznigToimiala: Suunnittelu, puurakennukset, rakentaminen ja porrasrakenteetSijainti: G\u00f6riach, It\u00e4valtaPerustamisvuosi: 2022 Kokeile veloituksetta Osta ArchiFrame &lt; Referenssit Taustaa Holz- und Treppenbau Stratznigia johtavat kaksi [&hellip;]","og_url":"https:\/\/archiframe.fi\/en\/references\/holz-und-treppenbau-stratznig\/","og_site_name":"ArchiFrame","article_modified_time":"2024-08-16T13:19:49+00:00","og_image":[{"width":800,"height":450,"url":"https:\/\/archiframe.fi\/wp-content\/uploads\/bannerikuva15-1-1.jpg","type":"image\/jpeg"}],"twitter_card":"summary_large_image","twitter_misc":{"Arvioitu lukuaika":"2 minuuttia"},"schema":{"@context":"https:\/\/schema.org","@graph":[{"@type":"WebPage","@id":"https:\/\/archiframe.fi\/en\/references\/holz-und-treppenbau-stratznig\/","url":"https:\/\/archiframe.fi\/en\/references\/holz-und-treppenbau-stratznig\/","name":"Holz- und Treppenbau Stratznig - ArchiFrame","isPartOf":{"@id":"https:\/\/archiframe.fi\/en\/#website"},"primaryImageOfPage":{"@id":"https:\/\/archiframe.fi\/en\/references\/holz-und-treppenbau-stratznig\/#primaryimage"},"image":{"@id":"https:\/\/archiframe.fi\/en\/references\/holz-und-treppenbau-stratznig\/#primaryimage"},"thumbnailUrl":"https:\/\/archiframe.fi\/wp-content\/uploads\/bannerikuva15-1-1.jpg","datePublished":"2024-08-16T10:10:41+00:00","dateModified":"2024-08-16T13:19:49+00:00","breadcrumb":{"@id":"https:\/\/archiframe.fi\/en\/references\/holz-und-treppenbau-stratznig\/#breadcrumb"},"inLanguage":"fi","potentialAction":[{"@type":"ReadAction","target":["https:\/\/archiframe.fi\/en\/references\/holz-und-treppenbau-stratznig\/"]}]},{"@type":"ImageObject","inLanguage":"fi","@id":"https:\/\/archiframe.fi\/en\/references\/holz-und-treppenbau-stratznig\/#primaryimage","url":"https:\/\/archiframe.fi\/wp-content\/uploads\/bannerikuva15-1-1.jpg","contentUrl":"https:\/\/archiframe.fi\/wp-content\/uploads\/bannerikuva15-1-1.jpg","width":800,"height":450},{"@type":"BreadcrumbList","@id":"https:\/\/archiframe.fi\/en\/references\/holz-und-treppenbau-stratznig\/#breadcrumb","itemListElement":[{"@type":"ListItem","position":1,"name":"Home","item":"https:\/\/archiframe.fi\/en\/"},{"@type":"ListItem","position":2,"name":"Referenssit","item":"https:\/\/archiframe.fi\/en\/references\/"},{"@type":"ListItem","position":3,"name":"Holz- und Treppenbau Stratznig"}]},{"@type":"WebSite","@id":"https:\/\/archiframe.fi\/en\/#website","url":"https:\/\/archiframe.fi\/en\/","name":"ArchiFrame","description":"The Archicad extension for wooden structures","potentialAction":[{"@type":"SearchAction","target":{"@type":"EntryPoint","urlTemplate":"https:\/\/archiframe.fi\/en\/?s={search_term_string}"},"query-input":{"@type":"PropertyValueSpecification","valueRequired":true,"valueName":"search_term_string"}}],"inLanguage":"fi"}]}},"_links":{"self":[{"href":"https:\/\/archiframe.fi\/fi\/wp-json\/wp\/v2\/pages\/28402","targetHints":{"allow":["GET"]}}],"collection":[{"href":"https:\/\/archiframe.fi\/fi\/wp-json\/wp\/v2\/pages"}],"about":[{"href":"https:\/\/archiframe.fi\/fi\/wp-json\/wp\/v2\/types\/page"}],"author":[{"embeddable":true,"href":"https:\/\/archiframe.fi\/fi\/wp-json\/wp\/v2\/users\/2"}],"replies":[{"embeddable":true,"href":"https:\/\/archiframe.fi\/fi\/wp-json\/wp\/v2\/comments?post=28402"}],"version-history":[{"count":0,"href":"https:\/\/archiframe.fi\/fi\/wp-json\/wp\/v2\/pages\/28402\/revisions"}],"up":[{"embeddable":true,"href":"https:\/\/archiframe.fi\/fi\/wp-json\/wp\/v2\/pages\/13614"}],"wp:featuredmedia":[{"embeddable":true,"href":"https:\/\/archiframe.fi\/fi\/wp-json\/wp\/v2\/media\/25525"}],"wp:attachment":[{"href":"https:\/\/archiframe.fi\/fi\/wp-json\/wp\/v2\/media?parent=28402"}],"curies":[{"name":"wp","href":"https:\/\/api.w.org\/{rel}","templated":true}]}}