{"id":17145,"date":"2021-05-14T17:06:50","date_gmt":"2021-05-14T17:06:50","guid":{"rendered":"https:\/\/archiframe.fi\/?page_id=17145"},"modified":"2024-07-04T10:15:41","modified_gmt":"2024-07-04T10:15:41","slug":"sievi-element-oy","status":"publish","type":"page","link":"https:\/\/archiframe.fi\/fi\/referenssit\/sievi-element-oy\/","title":{"rendered":"Sievi Element Oy"},"content":{"rendered":"\t\t<div data-elementor-type=\"wp-page\" data-elementor-id=\"17145\" class=\"elementor elementor-17145 elementor-2815\" data-elementor-post-type=\"page\">\n\t\t\t\t\t\t<section class=\"elementor-section elementor-top-section elementor-element elementor-element-2d52a07 elementor-section-height-min-height elementor-section-boxed elementor-section-height-default elementor-section-items-middle\" data-id=\"2d52a07\" data-element_type=\"section\" data-e-type=\"section\" data-settings=\"{&quot;background_background&quot;:&quot;classic&quot;}\">\n\t\t\t\t\t\t\t<div class=\"elementor-background-overlay\"><\/div>\n\t\t\t\t\t\t\t<div class=\"elementor-container elementor-column-gap-default\">\n\t\t\t\t\t<div class=\"elementor-column elementor-col-50 elementor-top-column elementor-element elementor-element-ce94fbd\" data-id=\"ce94fbd\" data-element_type=\"column\" data-e-type=\"column\">\n\t\t\t<div class=\"elementor-widget-wrap elementor-element-populated\">\n\t\t\t\t\t\t<div class=\"elementor-element elementor-element-e5a17ad elementor-widget elementor-widget-heading\" data-id=\"e5a17ad\" data-element_type=\"widget\" data-e-type=\"widget\" data-widget_type=\"heading.default\">\n\t\t\t\t<div class=\"elementor-widget-container\">\n\t\t\t\t\t<h2 class=\"elementor-heading-title elementor-size-default\">Sievi<\/h2>\t\t\t\t<\/div>\n\t\t\t\t<\/div>\n\t\t\t\t<div class=\"elementor-element elementor-element-1e8eb36 elementor-widget elementor-widget-text-editor\" data-id=\"1e8eb36\" data-element_type=\"widget\" data-e-type=\"widget\" data-widget_type=\"text-editor.default\">\n\t\t\t\t<div class=\"elementor-widget-container\">\n\t\t\t\t\t\t\t\t\t<p><a href=\"https:\/\/www.sievitalo.fi\/\" target=\"_blank\" rel=\"noopener\">Sievi Group Oy<\/a>, Suomi<\/p>\t\t\t\t\t\t\t\t<\/div>\n\t\t\t\t<\/div>\n\t\t\t\t<section class=\"elementor-section elementor-inner-section elementor-element elementor-element-cb728ff elementor-section-boxed elementor-section-height-default elementor-section-height-default\" data-id=\"cb728ff\" data-element_type=\"section\" data-e-type=\"section\">\n\t\t\t\t\t\t<div class=\"elementor-container elementor-column-gap-default\">\n\t\t\t\t\t<div class=\"elementor-column elementor-col-100 elementor-inner-column elementor-element elementor-element-5bbbd0df\" data-id=\"5bbbd0df\" data-element_type=\"column\" data-e-type=\"column\">\n\t\t\t<div class=\"elementor-widget-wrap elementor-element-populated\">\n\t\t\t\t\t\t<div class=\"elementor-element elementor-element-51a23c92 elementor-widget__width-initial elementor-widget elementor-widget-button\" data-id=\"51a23c92\" data-element_type=\"widget\" data-e-type=\"widget\" data-widget_type=\"button.default\">\n\t\t\t\t<div class=\"elementor-widget-container\">\n\t\t\t\t\t\t\t\t\t<div class=\"elementor-button-wrapper\">\n\t\t\t\t\t<a class=\"elementor-button elementor-button-link elementor-size-sm\" href=\"https:\/\/users.archiframe.fi\/fi\/free-trial\">\n\t\t\t\t\t\t<span class=\"elementor-button-content-wrapper\">\n\t\t\t\t\t\t\t\t\t<span class=\"elementor-button-text\">Kokeile veloituksetta<\/span>\n\t\t\t\t\t<\/span>\n\t\t\t\t\t<\/a>\n\t\t\t\t<\/div>\n\t\t\t\t\t\t\t\t<\/div>\n\t\t\t\t<\/div>\n\t\t\t\t<div class=\"elementor-element elementor-element-6f5db706 elementor-align-left elementor-mobile-align-left elementor-widget__width-initial elementor-widget elementor-widget-button\" data-id=\"6f5db706\" data-element_type=\"widget\" data-e-type=\"widget\" data-widget_type=\"button.default\">\n\t\t\t\t<div class=\"elementor-widget-container\">\n\t\t\t\t\t\t\t\t\t<div class=\"elementor-button-wrapper\">\n\t\t\t\t\t<a class=\"elementor-button elementor-button-link elementor-size-sm\" href=\"https:\/\/archiframe.fi\/fi\/osta-archiframe\/\">\n\t\t\t\t\t\t<span class=\"elementor-button-content-wrapper\">\n\t\t\t\t\t\t\t\t\t<span class=\"elementor-button-text\">Osta ArchiFrame<\/span>\n\t\t\t\t\t<\/span>\n\t\t\t\t\t<\/a>\n\t\t\t\t<\/div>\n\t\t\t\t\t\t\t\t<\/div>\n\t\t\t\t<\/div>\n\t\t\t\t\t<\/div>\n\t\t<\/div>\n\t\t\t\t\t<\/div>\n\t\t<\/section>\n\t\t\t\t\t<\/div>\n\t\t<\/div>\n\t\t\t\t<div class=\"elementor-column elementor-col-50 elementor-top-column elementor-element elementor-element-81a4cd3\" data-id=\"81a4cd3\" data-element_type=\"column\" data-e-type=\"column\">\n\t\t\t<div class=\"elementor-widget-wrap\">\n\t\t\t\t\t\t\t<\/div>\n\t\t<\/div>\n\t\t\t\t\t<\/div>\n\t\t<\/section>\n\t\t\t\t<section class=\"elementor-section elementor-top-section elementor-element elementor-element-2556edc elementor-section-boxed elementor-section-height-default elementor-section-height-default\" data-id=\"2556edc\" data-element_type=\"section\" data-e-type=\"section\" data-settings=\"{&quot;background_background&quot;:&quot;classic&quot;}\">\n\t\t\t\t\t\t<div class=\"elementor-container elementor-column-gap-default\">\n\t\t\t\t\t<div class=\"elementor-column elementor-col-100 elementor-top-column elementor-element elementor-element-5bf970c\" data-id=\"5bf970c\" data-element_type=\"column\" data-e-type=\"column\">\n\t\t\t<div class=\"elementor-widget-wrap elementor-element-populated\">\n\t\t\t\t\t\t<div class=\"elementor-element elementor-element-9f58bb6 elementor-widget elementor-widget-text-editor\" data-id=\"9f58bb6\" data-element_type=\"widget\" data-e-type=\"widget\" data-widget_type=\"text-editor.default\">\n\t\t\t\t<div class=\"elementor-widget-container\">\n\t\t\t\t\t\t\t\t\t<p><a href=\"https:\/\/archiframe.fi\/fi\/referenssit\/\">&lt; Referenssit<\/a><\/p>\t\t\t\t\t\t\t\t<\/div>\n\t\t\t\t<\/div>\n\t\t\t\t\t<\/div>\n\t\t<\/div>\n\t\t\t\t\t<\/div>\n\t\t<\/section>\n\t\t\t\t<section class=\"elementor-section elementor-top-section elementor-element elementor-element-11f21b7 elementor-section-content-middle elementor-section-boxed elementor-section-height-default elementor-section-height-default\" data-id=\"11f21b7\" data-element_type=\"section\" data-e-type=\"section\" data-settings=\"{&quot;background_background&quot;:&quot;classic&quot;}\">\n\t\t\t\t\t\t<div class=\"elementor-container elementor-column-gap-no\">\n\t\t\t\t\t<div class=\"elementor-column elementor-col-50 elementor-top-column elementor-element elementor-element-b6645a5\" data-id=\"b6645a5\" data-element_type=\"column\" data-e-type=\"column\">\n\t\t\t<div class=\"elementor-widget-wrap elementor-element-populated\">\n\t\t\t\t\t\t<div class=\"elementor-element elementor-element-640ba66 elementor-widget elementor-widget-text-editor\" data-id=\"640ba66\" data-element_type=\"widget\" data-e-type=\"widget\" data-widget_type=\"text-editor.default\">\n\t\t\t\t<div class=\"elementor-widget-container\">\n\t\t\t\t\t\t\t\t\t<p>Sievi Group Oy on suomalainen pientalorakentaja, joka rakentaa laadukkaasti omakotitaloja ja palveluun perustuvia asunto-osakeyhti\u00f6it\u00e4 sek\u00e4 hyvinvointitiloja ihmisen kaikkiin el\u00e4m\u00e4nvaiheisiin. Sievi Group -konserniin kuuluu seitsem\u00e4n tyt\u00e4ryhti\u00f6t\u00e4. Sievi Group ty\u00f6llist\u00e4\u00e4 yli 130 rakennusalan ammattilaista, edellisen tilikauden liikevaihto oli 74 M\u20ac.<\/p><p>Kohteidemme lupakuvat suunnitellaan ArchiCADill\u00e4, jonka j\u00e4lkeen elementtisuunnittelu tehd\u00e4\u00e4n viimevuoden lopussa hankitulla ArchiFrame lis\u00e4osalla. Osittain teemme my\u00f6s rakennesuunnittelua ArchiFrame:ll\u00e4 ja tulevaisuudessa siirr\u00e4mme rakennesuunnittelun kokonaisuudessaan samaan ohjelmaan.<\/p><p>Suunnittelijamme ovat innovatiivisia ammattilaisia ja uuden ohjelman k\u00e4ytt\u00f6\u00f6notto sujui helposti. Kehit\u00e4mme tuotteitamme ja niiden suunnittelua jatkuvasti, joten samalla suunnitteluohjelman pit\u00e4\u00e4 kehitty\u00e4 haluamaamme suuntaan. T\u00e4m\u00e4 on ollutkin ArchiFramen vahvuus, koska olemme saaneet nopealla aikataululla t\u00e4rkeit\u00e4 muutoksia ja lis\u00e4yksi\u00e4 ohjelmaan.<\/p><p>Toteutamme kohteita my\u00f6s ulkopuolisten arkkitehtien suunnitelmista ja t\u00e4m\u00e4 oli yksi suurimmista syist\u00e4, miksi p\u00e4\u00e4dyimme valinnassamme ArchiCAD + ArchiFrame yhdistelm\u00e4\u00e4n. Suurin osa arkkitehtitoimistoista k\u00e4ytt\u00e4\u00e4 ArchiCADi\u00e4 ja kun saamme heid\u00e4n mallinnuksen k\u00e4ytt\u00f6\u00f6mme, voimme suunnitella elementit sit\u00e4 hy\u00f6dynt\u00e4en. ArchiFramen vahvuus on my\u00f6s sen joustavuus, koska se ei ole liian vahvasti sidoksissa pohjalla toimivaan ArchiCAD-malliin.<\/p>\t\t\t\t\t\t\t\t<\/div>\n\t\t\t\t<\/div>\n\t\t\t\t\t<\/div>\n\t\t<\/div>\n\t\t\t\t<div class=\"elementor-column elementor-col-50 elementor-top-column elementor-element elementor-element-617bd11\" data-id=\"617bd11\" data-element_type=\"column\" data-e-type=\"column\">\n\t\t\t<div class=\"elementor-widget-wrap elementor-element-populated\">\n\t\t\t\t\t\t<div class=\"elementor-element elementor-element-ce842d9 elementor-widget elementor-widget-text-editor\" data-id=\"ce842d9\" data-element_type=\"widget\" data-e-type=\"widget\" data-widget_type=\"text-editor.default\">\n\t\t\t\t<div class=\"elementor-widget-container\">\n\t\t\t\t\t\t\t\t\t<p>ArchiFramesta saamme my\u00f6s tarvittavat CNC-tiedostot nykyaikaisen tehtaamme automaation k\u00e4ytt\u00f6\u00f6n. ArchiFrame tuottaa my\u00f6s m\u00e4\u00e4r\u00e4luetteloinnin suunnitelmissa k\u00e4ytetyist\u00e4 materiaaleista.<\/p><p>Kohteista tehty BIMx-malli on asentajien k\u00e4ytett\u00e4viss\u00e4 mobiilisovelluksessa ja siit\u00e4 on kuulunut hyv\u00e4\u00e4 palautetta, koska helposti py\u00f6ritett\u00e4v\u00e4 3D-malli selkeytt\u00e4\u00e4 my\u00f6s heid\u00e4n ty\u00f6t\u00e4\u00e4n.<\/p>\t\t\t\t\t\t\t\t<\/div>\n\t\t\t\t<\/div>\n\t\t\t\t<div class=\"elementor-element elementor-element-a796279 elementor-position-left elementor-vertical-align-middle elementor-widget elementor-widget-image-box\" data-id=\"a796279\" data-element_type=\"widget\" data-e-type=\"widget\" data-widget_type=\"image-box.default\">\n\t\t\t\t<div class=\"elementor-widget-container\">\n\t\t\t\t\t<div class=\"elementor-image-box-wrapper\"><figure class=\"elementor-image-box-img\"><img fetchpriority=\"high\" decoding=\"async\" width=\"256\" height=\"256\" src=\"https:\/\/archiframe.fi\/wp-content\/uploads\/2021\/05\/Tuukka_Kannisto.png\" class=\"attachment-full size-full wp-image-2809\" alt=\"\" srcset=\"https:\/\/archiframe.fi\/wp-content\/uploads\/2021\/05\/Tuukka_Kannisto.png 256w, https:\/\/archiframe.fi\/wp-content\/uploads\/2021\/05\/Tuukka_Kannisto-150x150.png 150w\" sizes=\"(max-width: 256px) 100vw, 256px\" \/><\/figure><div class=\"elementor-image-box-content\"><h3 class=\"elementor-image-box-title\">Tuukka Kannisto<\/h3><p class=\"elementor-image-box-description\">Head of Product,  <a href=\"https:\/\/www.sievitalo.fi\/\" target=\"_blank\">Sievi Group Oy<\/a><\/p><\/div><\/div>\t\t\t\t<\/div>\n\t\t\t\t<\/div>\n\t\t\t\t\t<\/div>\n\t\t<\/div>\n\t\t\t\t\t<\/div>\n\t\t<\/section>\n\t\t\t\t<section class=\"elementor-section elementor-top-section elementor-element elementor-element-a366ab3 elementor-section-boxed elementor-section-height-default elementor-section-height-default\" data-id=\"a366ab3\" data-element_type=\"section\" data-e-type=\"section\" data-settings=\"{&quot;background_background&quot;:&quot;classic&quot;}\">\n\t\t\t\t\t\t<div class=\"elementor-container elementor-column-gap-default\">\n\t\t\t\t\t<div class=\"elementor-column elementor-col-100 elementor-top-column elementor-element elementor-element-dd06d5b\" data-id=\"dd06d5b\" data-element_type=\"column\" data-e-type=\"column\">\n\t\t\t<div class=\"elementor-widget-wrap elementor-element-populated\">\n\t\t\t\t\t\t<div class=\"elementor-element elementor-element-09853b0 elementor-widget elementor-widget-image\" data-id=\"09853b0\" data-element_type=\"widget\" data-e-type=\"widget\" data-widget_type=\"image.default\">\n\t\t\t\t<div class=\"elementor-widget-container\">\n\t\t\t\t\t\t\t\t\t\t\t\t<figure class=\"wp-caption\">\n\t\t\t\t\t\t\t\t\t\t<img decoding=\"async\" width=\"1400\" height=\"937\" src=\"https:\/\/archiframe.fi\/wp-content\/uploads\/2021\/05\/sievikuva1.jpg\" class=\"attachment-full size-full wp-image-11440\" alt=\"\" srcset=\"https:\/\/archiframe.fi\/wp-content\/uploads\/2021\/05\/sievikuva1.jpg 1400w, https:\/\/archiframe.fi\/wp-content\/uploads\/2021\/05\/sievikuva1-300x201.jpg 300w, https:\/\/archiframe.fi\/wp-content\/uploads\/2021\/05\/sievikuva1-1024x685.jpg 1024w, https:\/\/archiframe.fi\/wp-content\/uploads\/2021\/05\/sievikuva1-768x514.jpg 768w\" sizes=\"(max-width: 1400px) 100vw, 1400px\" \/>\t\t\t\t\t\t\t\t\t\t\t<figcaption class=\"widget-image-caption wp-caption-text\">Sievi Element Oy<\/figcaption>\n\t\t\t\t\t\t\t\t\t\t<\/figure>\n\t\t\t\t\t\t\t\t\t<\/div>\n\t\t\t\t<\/div>\n\t\t\t\t\t<\/div>\n\t\t<\/div>\n\t\t\t\t\t<\/div>\n\t\t<\/section>\n\t\t\t\t<section class=\"elementor-section elementor-top-section elementor-element elementor-element-b506aeb elementor-section-boxed elementor-section-height-default elementor-section-height-default\" data-id=\"b506aeb\" data-element_type=\"section\" data-e-type=\"section\" data-settings=\"{&quot;background_background&quot;:&quot;classic&quot;}\">\n\t\t\t\t\t\t<div class=\"elementor-container elementor-column-gap-default\">\n\t\t\t\t\t<div class=\"elementor-column elementor-col-100 elementor-top-column elementor-element elementor-element-f08ef59\" data-id=\"f08ef59\" data-element_type=\"column\" data-e-type=\"column\">\n\t\t\t<div class=\"elementor-widget-wrap elementor-element-populated\">\n\t\t\t\t\t\t<div class=\"elementor-element elementor-element-7f46fab elementor-widget elementor-widget-template\" data-id=\"7f46fab\" data-element_type=\"widget\" data-e-type=\"widget\" data-widget_type=\"template.default\">\n\t\t\t\t<div class=\"elementor-widget-container\">\n\t\t\t\t\t\t\t<div class=\"elementor-template\">\n\t\t\t\t\t<div data-elementor-type=\"section\" data-elementor-id=\"2859\" class=\"elementor elementor-2859\" data-elementor-post-type=\"elementor_library\">\n\t\t\t\t\t<section class=\"elementor-section elementor-top-section elementor-element elementor-element-303dca4 elementor-section-boxed elementor-section-height-default elementor-section-height-default\" data-id=\"303dca4\" data-element_type=\"section\" data-e-type=\"section\">\n\t\t\t\t\t\t<div class=\"elementor-container elementor-column-gap-default\">\n\t\t\t\t\t<div class=\"elementor-column elementor-col-100 elementor-top-column elementor-element elementor-element-64b3f646\" data-id=\"64b3f646\" data-element_type=\"column\" data-e-type=\"column\">\n\t\t\t<div class=\"elementor-widget-wrap elementor-element-populated\">\n\t\t\t\t\t\t<div class=\"elementor-element elementor-element-5127f16d elementor-share-buttons--view-icon elementor-share-buttons--skin-gradient elementor-share-buttons--shape-square elementor-grid-0 elementor-share-buttons--color-official elementor-widget elementor-widget-share-buttons\" data-id=\"5127f16d\" data-element_type=\"widget\" data-e-type=\"widget\" data-widget_type=\"share-buttons.default\">\n\t\t\t\t<div class=\"elementor-widget-container\">\n\t\t\t\t\t\t\t<div class=\"elementor-grid\" role=\"list\">\n\t\t\t\t\t\t\t\t<div class=\"elementor-grid-item\" role=\"listitem\">\n\t\t\t\t\t\t<div class=\"elementor-share-btn elementor-share-btn_facebook\" role=\"button\" tabindex=\"0\" aria-label=\"Share on facebook\">\n\t\t\t\t\t\t\t\t\t\t\t\t\t\t\t<span class=\"elementor-share-btn__icon\">\n\t\t\t\t\t\t\t\t<i class=\"fab fa-facebook\" aria-hidden=\"true\"><\/i>\t\t\t\t\t\t\t<\/span>\n\t\t\t\t\t\t\t\t\t\t\t\t\t\t\t\t\t\t\t\t<\/div>\n\t\t\t\t\t<\/div>\n\t\t\t\t\t\t\t\t\t<div class=\"elementor-grid-item\" role=\"listitem\">\n\t\t\t\t\t\t<div class=\"elementor-share-btn elementor-share-btn_twitter\" role=\"button\" tabindex=\"0\" aria-label=\"Share on twitter\">\n\t\t\t\t\t\t\t\t\t\t\t\t\t\t\t<span class=\"elementor-share-btn__icon\">\n\t\t\t\t\t\t\t\t<i class=\"fab fa-twitter\" aria-hidden=\"true\"><\/i>\t\t\t\t\t\t\t<\/span>\n\t\t\t\t\t\t\t\t\t\t\t\t\t\t\t\t\t\t\t\t<\/div>\n\t\t\t\t\t<\/div>\n\t\t\t\t\t\t\t\t\t<div class=\"elementor-grid-item\" role=\"listitem\">\n\t\t\t\t\t\t<div class=\"elementor-share-btn elementor-share-btn_linkedin\" role=\"button\" tabindex=\"0\" aria-label=\"Share on linkedin\">\n\t\t\t\t\t\t\t\t\t\t\t\t\t\t\t<span class=\"elementor-share-btn__icon\">\n\t\t\t\t\t\t\t\t<i class=\"fab fa-linkedin\" aria-hidden=\"true\"><\/i>\t\t\t\t\t\t\t<\/span>\n\t\t\t\t\t\t\t\t\t\t\t\t\t\t\t\t\t\t\t\t<\/div>\n\t\t\t\t\t<\/div>\n\t\t\t\t\t\t\t\t\t<div class=\"elementor-grid-item\" role=\"listitem\">\n\t\t\t\t\t\t<div class=\"elementor-share-btn elementor-share-btn_email\" role=\"button\" tabindex=\"0\" aria-label=\"Share on email\">\n\t\t\t\t\t\t\t\t\t\t\t\t\t\t\t<span class=\"elementor-share-btn__icon\">\n\t\t\t\t\t\t\t\t<i class=\"fas fa-envelope\" aria-hidden=\"true\"><\/i>\t\t\t\t\t\t\t<\/span>\n\t\t\t\t\t\t\t\t\t\t\t\t\t\t\t\t\t\t\t\t<\/div>\n\t\t\t\t\t<\/div>\n\t\t\t\t\t\t<\/div>\n\t\t\t\t\t\t<\/div>\n\t\t\t\t<\/div>\n\t\t\t\t\t<\/div>\n\t\t<\/div>\n\t\t\t\t\t<\/div>\n\t\t<\/section>\n\t\t\t\t<\/div>\n\t\t\t\t<\/div>\n\t\t\t\t\t\t<\/div>\n\t\t\t\t<\/div>\n\t\t\t\t\t<\/div>\n\t\t<\/div>\n\t\t\t\t\t<\/div>\n\t\t<\/section>\n\t\t\t\t<\/div>\n\t\t","protected":false},"excerpt":{"rendered":"<p>Sievi Sievi Group Oy, Suomi Kokeile veloituksetta Osta ArchiFrame &lt; Referenssit Sievi Group Oy on suomalainen pientalorakentaja, joka rakentaa laadukkaasti omakotitaloja ja palveluun perustuvia asunto-osakeyhti\u00f6it\u00e4 sek\u00e4 hyvinvointitiloja ihmisen kaikkiin el\u00e4m\u00e4nvaiheisiin. [&hellip;]<\/p>\n","protected":false},"author":6,"featured_media":12240,"parent":13614,"menu_order":0,"comment_status":"closed","ping_status":"closed","template":"elementor_header_footer","meta":{"footnotes":""},"class_list":["post-17145","page","type-page","status-publish","has-post-thumbnail","hentry"],"yoast_head":"<!-- This site is optimized with the Yoast SEO plugin v27.4 - https:\/\/yoast.com\/product\/yoast-seo-wordpress\/ -->\n<title>Sievi Element Oy - ArchiFrame<\/title>\n<meta name=\"robots\" content=\"index, follow, max-snippet:-1, max-image-preview:large, max-video-preview:-1\" \/>\n<link rel=\"canonical\" href=\"https:\/\/archiframe.fi\/en\/references\/sievi-element-oy\/\" \/>\n<meta property=\"og:locale\" content=\"fi_FI\" \/>\n<meta property=\"og:type\" content=\"article\" \/>\n<meta property=\"og:title\" content=\"Sievi Element Oy - ArchiFrame\" \/>\n<meta property=\"og:description\" content=\"Sievi Sievi Group Oy, Suomi Kokeile veloituksetta Osta ArchiFrame &lt; Referenssit Sievi Group Oy on suomalainen pientalorakentaja, joka rakentaa laadukkaasti omakotitaloja ja palveluun perustuvia asunto-osakeyhti\u00f6it\u00e4 sek\u00e4 hyvinvointitiloja ihmisen kaikkiin el\u00e4m\u00e4nvaiheisiin. [&hellip;]\" \/>\n<meta property=\"og:url\" content=\"https:\/\/archiframe.fi\/en\/references\/sievi-element-oy\/\" \/>\n<meta property=\"og:site_name\" content=\"ArchiFrame\" \/>\n<meta property=\"article:modified_time\" content=\"2024-07-04T10:15:41+00:00\" \/>\n<meta property=\"og:image\" content=\"https:\/\/archiframe.fi\/wp-content\/uploads\/2021\/06\/sievigroup_kuva2.jpg\" \/>\n\t<meta property=\"og:image:width\" content=\"800\" \/>\n\t<meta property=\"og:image:height\" content=\"407\" \/>\n\t<meta property=\"og:image:type\" content=\"image\/jpeg\" \/>\n<meta name=\"twitter:card\" content=\"summary_large_image\" \/>\n<meta name=\"twitter:label1\" content=\"Arvioitu lukuaika\" \/>\n\t<meta name=\"twitter:data1\" content=\"2 minuuttia\" \/>\n<script type=\"application\/ld+json\" class=\"yoast-schema-graph\">{\"@context\":\"https:\\\/\\\/schema.org\",\"@graph\":[{\"@type\":\"WebPage\",\"@id\":\"https:\\\/\\\/archiframe.fi\\\/en\\\/references\\\/sievi-element-oy\\\/\",\"url\":\"https:\\\/\\\/archiframe.fi\\\/en\\\/references\\\/sievi-element-oy\\\/\",\"name\":\"Sievi Element Oy - ArchiFrame\",\"isPartOf\":{\"@id\":\"https:\\\/\\\/archiframe.fi\\\/en\\\/#website\"},\"primaryImageOfPage\":{\"@id\":\"https:\\\/\\\/archiframe.fi\\\/en\\\/references\\\/sievi-element-oy\\\/#primaryimage\"},\"image\":{\"@id\":\"https:\\\/\\\/archiframe.fi\\\/en\\\/references\\\/sievi-element-oy\\\/#primaryimage\"},\"thumbnailUrl\":\"https:\\\/\\\/archiframe.fi\\\/wp-content\\\/uploads\\\/2021\\\/06\\\/sievigroup_kuva2.jpg\",\"datePublished\":\"2021-05-14T17:06:50+00:00\",\"dateModified\":\"2024-07-04T10:15:41+00:00\",\"breadcrumb\":{\"@id\":\"https:\\\/\\\/archiframe.fi\\\/en\\\/references\\\/sievi-element-oy\\\/#breadcrumb\"},\"inLanguage\":\"fi\",\"potentialAction\":[{\"@type\":\"ReadAction\",\"target\":[\"https:\\\/\\\/archiframe.fi\\\/en\\\/references\\\/sievi-element-oy\\\/\"]}]},{\"@type\":\"ImageObject\",\"inLanguage\":\"fi\",\"@id\":\"https:\\\/\\\/archiframe.fi\\\/en\\\/references\\\/sievi-element-oy\\\/#primaryimage\",\"url\":\"https:\\\/\\\/archiframe.fi\\\/wp-content\\\/uploads\\\/2021\\\/06\\\/sievigroup_kuva2.jpg\",\"contentUrl\":\"https:\\\/\\\/archiframe.fi\\\/wp-content\\\/uploads\\\/2021\\\/06\\\/sievigroup_kuva2.jpg\",\"width\":800,\"height\":407},{\"@type\":\"BreadcrumbList\",\"@id\":\"https:\\\/\\\/archiframe.fi\\\/en\\\/references\\\/sievi-element-oy\\\/#breadcrumb\",\"itemListElement\":[{\"@type\":\"ListItem\",\"position\":1,\"name\":\"Home\",\"item\":\"https:\\\/\\\/archiframe.fi\\\/en\\\/\"},{\"@type\":\"ListItem\",\"position\":2,\"name\":\"Referenssit\",\"item\":\"https:\\\/\\\/archiframe.fi\\\/en\\\/references\\\/\"},{\"@type\":\"ListItem\",\"position\":3,\"name\":\"Sievi Element Oy\"}]},{\"@type\":\"WebSite\",\"@id\":\"https:\\\/\\\/archiframe.fi\\\/en\\\/#website\",\"url\":\"https:\\\/\\\/archiframe.fi\\\/en\\\/\",\"name\":\"ArchiFrame\",\"description\":\"The Archicad extension for wooden structures\",\"potentialAction\":[{\"@type\":\"SearchAction\",\"target\":{\"@type\":\"EntryPoint\",\"urlTemplate\":\"https:\\\/\\\/archiframe.fi\\\/en\\\/?s={search_term_string}\"},\"query-input\":{\"@type\":\"PropertyValueSpecification\",\"valueRequired\":true,\"valueName\":\"search_term_string\"}}],\"inLanguage\":\"fi\"}]}<\/script>\n<!-- \/ Yoast SEO plugin. -->","yoast_head_json":{"title":"Sievi Element Oy - ArchiFrame","robots":{"index":"index","follow":"follow","max-snippet":"max-snippet:-1","max-image-preview":"max-image-preview:large","max-video-preview":"max-video-preview:-1"},"canonical":"https:\/\/archiframe.fi\/en\/references\/sievi-element-oy\/","og_locale":"fi_FI","og_type":"article","og_title":"Sievi Element Oy - ArchiFrame","og_description":"Sievi Sievi Group Oy, Suomi Kokeile veloituksetta Osta ArchiFrame &lt; Referenssit Sievi Group Oy on suomalainen pientalorakentaja, joka rakentaa laadukkaasti omakotitaloja ja palveluun perustuvia asunto-osakeyhti\u00f6it\u00e4 sek\u00e4 hyvinvointitiloja ihmisen kaikkiin el\u00e4m\u00e4nvaiheisiin. [&hellip;]","og_url":"https:\/\/archiframe.fi\/en\/references\/sievi-element-oy\/","og_site_name":"ArchiFrame","article_modified_time":"2024-07-04T10:15:41+00:00","og_image":[{"width":800,"height":407,"url":"https:\/\/archiframe.fi\/wp-content\/uploads\/2021\/06\/sievigroup_kuva2.jpg","type":"image\/jpeg"}],"twitter_card":"summary_large_image","twitter_misc":{"Arvioitu lukuaika":"2 minuuttia"},"schema":{"@context":"https:\/\/schema.org","@graph":[{"@type":"WebPage","@id":"https:\/\/archiframe.fi\/en\/references\/sievi-element-oy\/","url":"https:\/\/archiframe.fi\/en\/references\/sievi-element-oy\/","name":"Sievi Element Oy - ArchiFrame","isPartOf":{"@id":"https:\/\/archiframe.fi\/en\/#website"},"primaryImageOfPage":{"@id":"https:\/\/archiframe.fi\/en\/references\/sievi-element-oy\/#primaryimage"},"image":{"@id":"https:\/\/archiframe.fi\/en\/references\/sievi-element-oy\/#primaryimage"},"thumbnailUrl":"https:\/\/archiframe.fi\/wp-content\/uploads\/2021\/06\/sievigroup_kuva2.jpg","datePublished":"2021-05-14T17:06:50+00:00","dateModified":"2024-07-04T10:15:41+00:00","breadcrumb":{"@id":"https:\/\/archiframe.fi\/en\/references\/sievi-element-oy\/#breadcrumb"},"inLanguage":"fi","potentialAction":[{"@type":"ReadAction","target":["https:\/\/archiframe.fi\/en\/references\/sievi-element-oy\/"]}]},{"@type":"ImageObject","inLanguage":"fi","@id":"https:\/\/archiframe.fi\/en\/references\/sievi-element-oy\/#primaryimage","url":"https:\/\/archiframe.fi\/wp-content\/uploads\/2021\/06\/sievigroup_kuva2.jpg","contentUrl":"https:\/\/archiframe.fi\/wp-content\/uploads\/2021\/06\/sievigroup_kuva2.jpg","width":800,"height":407},{"@type":"BreadcrumbList","@id":"https:\/\/archiframe.fi\/en\/references\/sievi-element-oy\/#breadcrumb","itemListElement":[{"@type":"ListItem","position":1,"name":"Home","item":"https:\/\/archiframe.fi\/en\/"},{"@type":"ListItem","position":2,"name":"Referenssit","item":"https:\/\/archiframe.fi\/en\/references\/"},{"@type":"ListItem","position":3,"name":"Sievi Element Oy"}]},{"@type":"WebSite","@id":"https:\/\/archiframe.fi\/en\/#website","url":"https:\/\/archiframe.fi\/en\/","name":"ArchiFrame","description":"The Archicad extension for wooden structures","potentialAction":[{"@type":"SearchAction","target":{"@type":"EntryPoint","urlTemplate":"https:\/\/archiframe.fi\/en\/?s={search_term_string}"},"query-input":{"@type":"PropertyValueSpecification","valueRequired":true,"valueName":"search_term_string"}}],"inLanguage":"fi"}]}},"_links":{"self":[{"href":"https:\/\/archiframe.fi\/fi\/wp-json\/wp\/v2\/pages\/17145","targetHints":{"allow":["GET"]}}],"collection":[{"href":"https:\/\/archiframe.fi\/fi\/wp-json\/wp\/v2\/pages"}],"about":[{"href":"https:\/\/archiframe.fi\/fi\/wp-json\/wp\/v2\/types\/page"}],"author":[{"embeddable":true,"href":"https:\/\/archiframe.fi\/fi\/wp-json\/wp\/v2\/users\/6"}],"replies":[{"embeddable":true,"href":"https:\/\/archiframe.fi\/fi\/wp-json\/wp\/v2\/comments?post=17145"}],"version-history":[{"count":0,"href":"https:\/\/archiframe.fi\/fi\/wp-json\/wp\/v2\/pages\/17145\/revisions"}],"up":[{"embeddable":true,"href":"https:\/\/archiframe.fi\/fi\/wp-json\/wp\/v2\/pages\/13614"}],"wp:featuredmedia":[{"embeddable":true,"href":"https:\/\/archiframe.fi\/fi\/wp-json\/wp\/v2\/media\/12240"}],"wp:attachment":[{"href":"https:\/\/archiframe.fi\/fi\/wp-json\/wp\/v2\/media?parent=17145"}],"curies":[{"name":"wp","href":"https:\/\/api.w.org\/{rel}","templated":true}]}}