{"id":17070,"date":"2021-05-08T12:30:10","date_gmt":"2021-05-08T12:30:10","guid":{"rendered":"https:\/\/archiframe.fi\/?page_id=17070"},"modified":"2024-07-04T10:19:04","modified_gmt":"2024-07-04T10:19:04","slug":"honka","status":"publish","type":"page","link":"https:\/\/archiframe.fi\/fi\/referenssit\/honka\/","title":{"rendered":"Honka"},"content":{"rendered":"\t\t<div data-elementor-type=\"wp-page\" data-elementor-id=\"17070\" class=\"elementor elementor-17070 elementor-1611\" data-elementor-post-type=\"page\">\n\t\t\t\t\t\t<section class=\"elementor-section elementor-top-section elementor-element elementor-element-5789bf7 elementor-section-height-min-height elementor-section-boxed elementor-section-height-default elementor-section-items-middle\" data-id=\"5789bf7\" data-element_type=\"section\" data-e-type=\"section\" data-settings=\"{&quot;background_background&quot;:&quot;classic&quot;}\">\n\t\t\t\t\t\t\t<div class=\"elementor-background-overlay\"><\/div>\n\t\t\t\t\t\t\t<div class=\"elementor-container elementor-column-gap-default\">\n\t\t\t\t\t<div class=\"elementor-column elementor-col-50 elementor-top-column elementor-element elementor-element-f6e30f1\" data-id=\"f6e30f1\" data-element_type=\"column\" data-e-type=\"column\">\n\t\t\t<div class=\"elementor-widget-wrap elementor-element-populated\">\n\t\t\t\t\t\t<div class=\"elementor-element elementor-element-d920eb0 elementor-widget elementor-widget-heading\" data-id=\"d920eb0\" data-element_type=\"widget\" data-e-type=\"widget\" data-widget_type=\"heading.default\">\n\t\t\t\t<div class=\"elementor-widget-container\">\n\t\t\t\t\t<h2 class=\"elementor-heading-title elementor-size-default\">Honka<\/h2>\t\t\t\t<\/div>\n\t\t\t\t<\/div>\n\t\t\t\t<div class=\"elementor-element elementor-element-8824490 elementor-widget elementor-widget-text-editor\" data-id=\"8824490\" data-element_type=\"widget\" data-e-type=\"widget\" data-widget_type=\"text-editor.default\">\n\t\t\t\t<div class=\"elementor-widget-container\">\n\t\t\t\t\t\t\t\t\t<p><a href=\"https:\/\/honka.com\/en\/\" target=\"_blank\" rel=\"noopener\">Honkarakenne Oyj<\/a>, Suomi<\/p>\t\t\t\t\t\t\t\t<\/div>\n\t\t\t\t<\/div>\n\t\t\t\t<section class=\"elementor-section elementor-inner-section elementor-element elementor-element-fc5d610 elementor-section-boxed elementor-section-height-default elementor-section-height-default\" data-id=\"fc5d610\" data-element_type=\"section\" data-e-type=\"section\">\n\t\t\t\t\t\t<div class=\"elementor-container elementor-column-gap-default\">\n\t\t\t\t\t<div class=\"elementor-column elementor-col-100 elementor-inner-column elementor-element elementor-element-69a2902\" data-id=\"69a2902\" data-element_type=\"column\" data-e-type=\"column\">\n\t\t\t<div class=\"elementor-widget-wrap elementor-element-populated\">\n\t\t\t\t\t\t<div class=\"elementor-element elementor-element-073f042 elementor-widget__width-initial elementor-widget elementor-widget-button\" data-id=\"073f042\" data-element_type=\"widget\" data-e-type=\"widget\" data-widget_type=\"button.default\">\n\t\t\t\t<div class=\"elementor-widget-container\">\n\t\t\t\t\t\t\t\t\t<div class=\"elementor-button-wrapper\">\n\t\t\t\t\t<a class=\"elementor-button elementor-button-link elementor-size-sm\" href=\"https:\/\/users.archiframe.fi\/fi\/free-trial\">\n\t\t\t\t\t\t<span class=\"elementor-button-content-wrapper\">\n\t\t\t\t\t\t\t\t\t<span class=\"elementor-button-text\">Kokeile veloituksetta<\/span>\n\t\t\t\t\t<\/span>\n\t\t\t\t\t<\/a>\n\t\t\t\t<\/div>\n\t\t\t\t\t\t\t\t<\/div>\n\t\t\t\t<\/div>\n\t\t\t\t<div class=\"elementor-element elementor-element-021950d elementor-align-left elementor-mobile-align-left elementor-widget__width-initial elementor-widget elementor-widget-button\" data-id=\"021950d\" data-element_type=\"widget\" data-e-type=\"widget\" data-widget_type=\"button.default\">\n\t\t\t\t<div class=\"elementor-widget-container\">\n\t\t\t\t\t\t\t\t\t<div class=\"elementor-button-wrapper\">\n\t\t\t\t\t<a class=\"elementor-button elementor-button-link elementor-size-sm\" href=\"https:\/\/archiframe.fi\/fi\/osta-archiframe\/\">\n\t\t\t\t\t\t<span class=\"elementor-button-content-wrapper\">\n\t\t\t\t\t\t\t\t\t<span class=\"elementor-button-text\">Osta ArchiFrame<\/span>\n\t\t\t\t\t<\/span>\n\t\t\t\t\t<\/a>\n\t\t\t\t<\/div>\n\t\t\t\t\t\t\t\t<\/div>\n\t\t\t\t<\/div>\n\t\t\t\t\t<\/div>\n\t\t<\/div>\n\t\t\t\t\t<\/div>\n\t\t<\/section>\n\t\t\t\t\t<\/div>\n\t\t<\/div>\n\t\t\t\t<div class=\"elementor-column elementor-col-50 elementor-top-column elementor-element elementor-element-f45c6ad\" data-id=\"f45c6ad\" data-element_type=\"column\" data-e-type=\"column\">\n\t\t\t<div class=\"elementor-widget-wrap\">\n\t\t\t\t\t\t\t<\/div>\n\t\t<\/div>\n\t\t\t\t\t<\/div>\n\t\t<\/section>\n\t\t\t\t<section class=\"elementor-section elementor-top-section elementor-element elementor-element-ad5f420 elementor-section-boxed elementor-section-height-default elementor-section-height-default\" data-id=\"ad5f420\" data-element_type=\"section\" data-e-type=\"section\" data-settings=\"{&quot;background_background&quot;:&quot;classic&quot;}\">\n\t\t\t\t\t\t<div class=\"elementor-container elementor-column-gap-default\">\n\t\t\t\t\t<div class=\"elementor-column elementor-col-100 elementor-top-column elementor-element elementor-element-8c24ce9\" data-id=\"8c24ce9\" data-element_type=\"column\" data-e-type=\"column\">\n\t\t\t<div class=\"elementor-widget-wrap elementor-element-populated\">\n\t\t\t\t\t\t<div class=\"elementor-element elementor-element-60e3e69 elementor-widget elementor-widget-text-editor\" data-id=\"60e3e69\" data-element_type=\"widget\" data-e-type=\"widget\" data-widget_type=\"text-editor.default\">\n\t\t\t\t<div class=\"elementor-widget-container\">\n\t\t\t\t\t\t\t\t\t<p><a href=\"https:\/\/archiframe.fi\/fi\/referenssit\/\">&lt; Referenssit<\/a><\/p>\t\t\t\t\t\t\t\t<\/div>\n\t\t\t\t<\/div>\n\t\t\t\t\t<\/div>\n\t\t<\/div>\n\t\t\t\t\t<\/div>\n\t\t<\/section>\n\t\t\t\t<section class=\"elementor-section elementor-top-section elementor-element elementor-element-cc7550a elementor-section-content-middle elementor-section-boxed elementor-section-height-default elementor-section-height-default\" data-id=\"cc7550a\" data-element_type=\"section\" data-e-type=\"section\" data-settings=\"{&quot;background_background&quot;:&quot;classic&quot;}\">\n\t\t\t\t\t\t<div class=\"elementor-container elementor-column-gap-no\">\n\t\t\t\t\t<div class=\"elementor-column elementor-col-50 elementor-top-column elementor-element elementor-element-1e9ba7f\" data-id=\"1e9ba7f\" data-element_type=\"column\" data-e-type=\"column\">\n\t\t\t<div class=\"elementor-widget-wrap elementor-element-populated\">\n\t\t\t\t\t\t<div class=\"elementor-element elementor-element-f97fd6b elementor-widget elementor-widget-text-editor\" data-id=\"f97fd6b\" data-element_type=\"widget\" data-e-type=\"widget\" data-widget_type=\"text-editor.default\">\n\t\t\t\t<div class=\"elementor-widget-container\">\n\t\t\t\t\t\t\t\t\t<p>&#8221;Olemme k\u00e4ytt\u00e4neet ArchiFramea vuodesta 2011 l\u00e4htien. Saamme kaiken esitteist\u00e4 aina tuotannon CNC-tiedostoon paketilla ArchiCAD &amp; ArchiFrame &amp; ArchiLogs. Olemme eritt\u00e4in tyytyv\u00e4isi\u00e4 j\u00e4rjestelm\u00e4\u00e4mme.&#8221;<\/p>\t\t\t\t\t\t\t\t<\/div>\n\t\t\t\t<\/div>\n\t\t\t\t<div class=\"elementor-element elementor-element-db56c53 elementor-position-left elementor-vertical-align-middle elementor-widget elementor-widget-image-box\" data-id=\"db56c53\" data-element_type=\"widget\" data-e-type=\"widget\" data-widget_type=\"image-box.default\">\n\t\t\t\t<div class=\"elementor-widget-container\">\n\t\t\t\t\t<div class=\"elementor-image-box-wrapper\"><figure class=\"elementor-image-box-img\"><img fetchpriority=\"high\" decoding=\"async\" width=\"256\" height=\"256\" src=\"https:\/\/archiframe.fi\/wp-content\/uploads\/2021\/04\/tanja.png\" class=\"attachment-full size-full wp-image-440\" alt=\"\" srcset=\"https:\/\/archiframe.fi\/wp-content\/uploads\/2021\/04\/tanja.png 256w, https:\/\/archiframe.fi\/wp-content\/uploads\/2021\/04\/tanja-150x150.png 150w\" sizes=\"(max-width: 256px) 100vw, 256px\" \/><\/figure><div class=\"elementor-image-box-content\"><h3 class=\"elementor-image-box-title\">Tanja Rytk\u00f6nen<\/h3><p class=\"elementor-image-box-description\">Vice President Design, <a href=\"https:\/\/honka.com\/en\/\" target=\"_blank\"><br>Honkarakenne<\/a><\/p><\/div><\/div>\t\t\t\t<\/div>\n\t\t\t\t<\/div>\n\t\t\t\t\t<\/div>\n\t\t<\/div>\n\t\t\t\t<div class=\"elementor-column elementor-col-50 elementor-top-column elementor-element elementor-element-be05b74\" data-id=\"be05b74\" data-element_type=\"column\" data-e-type=\"column\" data-settings=\"{&quot;background_background&quot;:&quot;classic&quot;}\">\n\t\t\t<div class=\"elementor-widget-wrap elementor-element-populated\">\n\t\t\t\t\t\t\t<\/div>\n\t\t<\/div>\n\t\t\t\t\t<\/div>\n\t\t<\/section>\n\t\t\t\t<section class=\"elementor-section elementor-top-section elementor-element elementor-element-d99c337 elementor-section-boxed elementor-section-height-default elementor-section-height-default\" data-id=\"d99c337\" data-element_type=\"section\" data-e-type=\"section\" data-settings=\"{&quot;background_background&quot;:&quot;classic&quot;}\">\n\t\t\t\t\t\t<div class=\"elementor-container elementor-column-gap-default\">\n\t\t\t\t\t<div class=\"elementor-column elementor-col-100 elementor-top-column elementor-element elementor-element-611f5b3\" data-id=\"611f5b3\" data-element_type=\"column\" data-e-type=\"column\">\n\t\t\t<div class=\"elementor-widget-wrap elementor-element-populated\">\n\t\t\t\t\t\t<div class=\"elementor-element elementor-element-4b952b0 elementor-widget elementor-widget-template\" data-id=\"4b952b0\" data-element_type=\"widget\" data-e-type=\"widget\" data-widget_type=\"template.default\">\n\t\t\t\t<div class=\"elementor-widget-container\">\n\t\t\t\t\t\t\t<div class=\"elementor-template\">\n\t\t\t\t\t<div data-elementor-type=\"section\" data-elementor-id=\"2859\" class=\"elementor elementor-2859\" data-elementor-post-type=\"elementor_library\">\n\t\t\t\t\t<section class=\"elementor-section elementor-top-section elementor-element elementor-element-303dca4 elementor-section-boxed elementor-section-height-default elementor-section-height-default\" data-id=\"303dca4\" data-element_type=\"section\" data-e-type=\"section\">\n\t\t\t\t\t\t<div class=\"elementor-container elementor-column-gap-default\">\n\t\t\t\t\t<div class=\"elementor-column elementor-col-100 elementor-top-column elementor-element elementor-element-64b3f646\" data-id=\"64b3f646\" data-element_type=\"column\" data-e-type=\"column\">\n\t\t\t<div class=\"elementor-widget-wrap elementor-element-populated\">\n\t\t\t\t\t\t<div class=\"elementor-element elementor-element-5127f16d elementor-share-buttons--view-icon elementor-share-buttons--skin-gradient elementor-share-buttons--shape-square elementor-grid-0 elementor-share-buttons--color-official elementor-widget elementor-widget-share-buttons\" data-id=\"5127f16d\" data-element_type=\"widget\" data-e-type=\"widget\" data-widget_type=\"share-buttons.default\">\n\t\t\t\t<div class=\"elementor-widget-container\">\n\t\t\t\t\t\t\t<div class=\"elementor-grid\" role=\"list\">\n\t\t\t\t\t\t\t\t<div class=\"elementor-grid-item\" role=\"listitem\">\n\t\t\t\t\t\t<div class=\"elementor-share-btn elementor-share-btn_facebook\" role=\"button\" tabindex=\"0\" aria-label=\"Share on facebook\">\n\t\t\t\t\t\t\t\t\t\t\t\t\t\t\t<span class=\"elementor-share-btn__icon\">\n\t\t\t\t\t\t\t\t<i class=\"fab fa-facebook\" aria-hidden=\"true\"><\/i>\t\t\t\t\t\t\t<\/span>\n\t\t\t\t\t\t\t\t\t\t\t\t\t\t\t\t\t\t\t\t<\/div>\n\t\t\t\t\t<\/div>\n\t\t\t\t\t\t\t\t\t<div class=\"elementor-grid-item\" role=\"listitem\">\n\t\t\t\t\t\t<div class=\"elementor-share-btn elementor-share-btn_twitter\" role=\"button\" tabindex=\"0\" aria-label=\"Share on twitter\">\n\t\t\t\t\t\t\t\t\t\t\t\t\t\t\t<span class=\"elementor-share-btn__icon\">\n\t\t\t\t\t\t\t\t<i class=\"fab fa-twitter\" aria-hidden=\"true\"><\/i>\t\t\t\t\t\t\t<\/span>\n\t\t\t\t\t\t\t\t\t\t\t\t\t\t\t\t\t\t\t\t<\/div>\n\t\t\t\t\t<\/div>\n\t\t\t\t\t\t\t\t\t<div class=\"elementor-grid-item\" role=\"listitem\">\n\t\t\t\t\t\t<div class=\"elementor-share-btn elementor-share-btn_linkedin\" role=\"button\" tabindex=\"0\" aria-label=\"Share on linkedin\">\n\t\t\t\t\t\t\t\t\t\t\t\t\t\t\t<span class=\"elementor-share-btn__icon\">\n\t\t\t\t\t\t\t\t<i class=\"fab fa-linkedin\" aria-hidden=\"true\"><\/i>\t\t\t\t\t\t\t<\/span>\n\t\t\t\t\t\t\t\t\t\t\t\t\t\t\t\t\t\t\t\t<\/div>\n\t\t\t\t\t<\/div>\n\t\t\t\t\t\t\t\t\t<div class=\"elementor-grid-item\" role=\"listitem\">\n\t\t\t\t\t\t<div class=\"elementor-share-btn elementor-share-btn_email\" role=\"button\" tabindex=\"0\" aria-label=\"Share on email\">\n\t\t\t\t\t\t\t\t\t\t\t\t\t\t\t<span class=\"elementor-share-btn__icon\">\n\t\t\t\t\t\t\t\t<i class=\"fas fa-envelope\" aria-hidden=\"true\"><\/i>\t\t\t\t\t\t\t<\/span>\n\t\t\t\t\t\t\t\t\t\t\t\t\t\t\t\t\t\t\t\t<\/div>\n\t\t\t\t\t<\/div>\n\t\t\t\t\t\t<\/div>\n\t\t\t\t\t\t<\/div>\n\t\t\t\t<\/div>\n\t\t\t\t\t<\/div>\n\t\t<\/div>\n\t\t\t\t\t<\/div>\n\t\t<\/section>\n\t\t\t\t<\/div>\n\t\t\t\t<\/div>\n\t\t\t\t\t\t<\/div>\n\t\t\t\t<\/div>\n\t\t\t\t\t<\/div>\n\t\t<\/div>\n\t\t\t\t\t<\/div>\n\t\t<\/section>\n\t\t\t\t<\/div>\n\t\t","protected":false},"excerpt":{"rendered":"<p>Honka Honkarakenne Oyj, Suomi Kokeile veloituksetta Osta ArchiFrame &lt; Referenssit &#8221;Olemme k\u00e4ytt\u00e4neet ArchiFramea vuodesta 2011 l\u00e4htien. Saamme kaiken esitteist\u00e4 aina tuotannon CNC-tiedostoon paketilla ArchiCAD &amp; ArchiFrame &amp; ArchiLogs. Olemme eritt\u00e4in [&hellip;]<\/p>\n","protected":false},"author":6,"featured_media":11330,"parent":13614,"menu_order":0,"comment_status":"closed","ping_status":"closed","template":"elementor_header_footer","meta":{"footnotes":""},"class_list":["post-17070","page","type-page","status-publish","has-post-thumbnail","hentry"],"yoast_head":"<!-- This site is optimized with the Yoast SEO plugin v27.4 - https:\/\/yoast.com\/product\/yoast-seo-wordpress\/ -->\n<title>Honka - ArchiFrame<\/title>\n<meta name=\"robots\" content=\"index, follow, max-snippet:-1, max-image-preview:large, max-video-preview:-1\" \/>\n<link rel=\"canonical\" href=\"https:\/\/archiframe.fi\/en\/references\/honka\/\" \/>\n<meta property=\"og:locale\" content=\"fi_FI\" \/>\n<meta property=\"og:type\" content=\"article\" \/>\n<meta property=\"og:title\" content=\"Honka - ArchiFrame\" \/>\n<meta property=\"og:description\" content=\"Honka Honkarakenne Oyj, Suomi Kokeile veloituksetta Osta ArchiFrame &lt; Referenssit &#8221;Olemme k\u00e4ytt\u00e4neet ArchiFramea vuodesta 2011 l\u00e4htien. Saamme kaiken esitteist\u00e4 aina tuotannon CNC-tiedostoon paketilla ArchiCAD &amp; ArchiFrame &amp; ArchiLogs. Olemme eritt\u00e4in [&hellip;]\" \/>\n<meta property=\"og:url\" content=\"https:\/\/archiframe.fi\/en\/references\/honka\/\" \/>\n<meta property=\"og:site_name\" content=\"ArchiFrame\" \/>\n<meta property=\"article:modified_time\" content=\"2024-07-04T10:19:04+00:00\" \/>\n<meta property=\"og:image\" content=\"https:\/\/archiframe.fi\/wp-content\/uploads\/2021\/05\/HonkaRoof2016_3.jpg\" \/>\n\t<meta property=\"og:image:width\" content=\"1400\" \/>\n\t<meta property=\"og:image:height\" content=\"919\" \/>\n\t<meta property=\"og:image:type\" content=\"image\/jpeg\" \/>\n<meta name=\"twitter:card\" content=\"summary_large_image\" \/>\n<meta name=\"twitter:label1\" content=\"Arvioitu lukuaika\" \/>\n\t<meta name=\"twitter:data1\" content=\"1 minuutti\" \/>\n<script type=\"application\/ld+json\" class=\"yoast-schema-graph\">{\"@context\":\"https:\\\/\\\/schema.org\",\"@graph\":[{\"@type\":\"WebPage\",\"@id\":\"https:\\\/\\\/archiframe.fi\\\/en\\\/references\\\/honka\\\/\",\"url\":\"https:\\\/\\\/archiframe.fi\\\/en\\\/references\\\/honka\\\/\",\"name\":\"Honka - ArchiFrame\",\"isPartOf\":{\"@id\":\"https:\\\/\\\/archiframe.fi\\\/en\\\/#website\"},\"primaryImageOfPage\":{\"@id\":\"https:\\\/\\\/archiframe.fi\\\/en\\\/references\\\/honka\\\/#primaryimage\"},\"image\":{\"@id\":\"https:\\\/\\\/archiframe.fi\\\/en\\\/references\\\/honka\\\/#primaryimage\"},\"thumbnailUrl\":\"https:\\\/\\\/archiframe.fi\\\/wp-content\\\/uploads\\\/2021\\\/05\\\/HonkaRoof2016_3.jpg\",\"datePublished\":\"2021-05-08T12:30:10+00:00\",\"dateModified\":\"2024-07-04T10:19:04+00:00\",\"breadcrumb\":{\"@id\":\"https:\\\/\\\/archiframe.fi\\\/en\\\/references\\\/honka\\\/#breadcrumb\"},\"inLanguage\":\"fi\",\"potentialAction\":[{\"@type\":\"ReadAction\",\"target\":[\"https:\\\/\\\/archiframe.fi\\\/en\\\/references\\\/honka\\\/\"]}]},{\"@type\":\"ImageObject\",\"inLanguage\":\"fi\",\"@id\":\"https:\\\/\\\/archiframe.fi\\\/en\\\/references\\\/honka\\\/#primaryimage\",\"url\":\"https:\\\/\\\/archiframe.fi\\\/wp-content\\\/uploads\\\/2021\\\/05\\\/HonkaRoof2016_3.jpg\",\"contentUrl\":\"https:\\\/\\\/archiframe.fi\\\/wp-content\\\/uploads\\\/2021\\\/05\\\/HonkaRoof2016_3.jpg\",\"width\":1400,\"height\":919,\"caption\":\"Honka\"},{\"@type\":\"BreadcrumbList\",\"@id\":\"https:\\\/\\\/archiframe.fi\\\/en\\\/references\\\/honka\\\/#breadcrumb\",\"itemListElement\":[{\"@type\":\"ListItem\",\"position\":1,\"name\":\"Home\",\"item\":\"https:\\\/\\\/archiframe.fi\\\/en\\\/\"},{\"@type\":\"ListItem\",\"position\":2,\"name\":\"Referenssit\",\"item\":\"https:\\\/\\\/archiframe.fi\\\/en\\\/references\\\/\"},{\"@type\":\"ListItem\",\"position\":3,\"name\":\"Honka\"}]},{\"@type\":\"WebSite\",\"@id\":\"https:\\\/\\\/archiframe.fi\\\/en\\\/#website\",\"url\":\"https:\\\/\\\/archiframe.fi\\\/en\\\/\",\"name\":\"ArchiFrame\",\"description\":\"The Archicad extension for wooden structures\",\"potentialAction\":[{\"@type\":\"SearchAction\",\"target\":{\"@type\":\"EntryPoint\",\"urlTemplate\":\"https:\\\/\\\/archiframe.fi\\\/en\\\/?s={search_term_string}\"},\"query-input\":{\"@type\":\"PropertyValueSpecification\",\"valueRequired\":true,\"valueName\":\"search_term_string\"}}],\"inLanguage\":\"fi\"}]}<\/script>\n<!-- \/ Yoast SEO plugin. -->","yoast_head_json":{"title":"Honka - ArchiFrame","robots":{"index":"index","follow":"follow","max-snippet":"max-snippet:-1","max-image-preview":"max-image-preview:large","max-video-preview":"max-video-preview:-1"},"canonical":"https:\/\/archiframe.fi\/en\/references\/honka\/","og_locale":"fi_FI","og_type":"article","og_title":"Honka - ArchiFrame","og_description":"Honka Honkarakenne Oyj, Suomi Kokeile veloituksetta Osta ArchiFrame &lt; Referenssit &#8221;Olemme k\u00e4ytt\u00e4neet ArchiFramea vuodesta 2011 l\u00e4htien. Saamme kaiken esitteist\u00e4 aina tuotannon CNC-tiedostoon paketilla ArchiCAD &amp; ArchiFrame &amp; ArchiLogs. Olemme eritt\u00e4in [&hellip;]","og_url":"https:\/\/archiframe.fi\/en\/references\/honka\/","og_site_name":"ArchiFrame","article_modified_time":"2024-07-04T10:19:04+00:00","og_image":[{"width":1400,"height":919,"url":"https:\/\/archiframe.fi\/wp-content\/uploads\/2021\/05\/HonkaRoof2016_3.jpg","type":"image\/jpeg"}],"twitter_card":"summary_large_image","twitter_misc":{"Arvioitu lukuaika":"1 minuutti"},"schema":{"@context":"https:\/\/schema.org","@graph":[{"@type":"WebPage","@id":"https:\/\/archiframe.fi\/en\/references\/honka\/","url":"https:\/\/archiframe.fi\/en\/references\/honka\/","name":"Honka - ArchiFrame","isPartOf":{"@id":"https:\/\/archiframe.fi\/en\/#website"},"primaryImageOfPage":{"@id":"https:\/\/archiframe.fi\/en\/references\/honka\/#primaryimage"},"image":{"@id":"https:\/\/archiframe.fi\/en\/references\/honka\/#primaryimage"},"thumbnailUrl":"https:\/\/archiframe.fi\/wp-content\/uploads\/2021\/05\/HonkaRoof2016_3.jpg","datePublished":"2021-05-08T12:30:10+00:00","dateModified":"2024-07-04T10:19:04+00:00","breadcrumb":{"@id":"https:\/\/archiframe.fi\/en\/references\/honka\/#breadcrumb"},"inLanguage":"fi","potentialAction":[{"@type":"ReadAction","target":["https:\/\/archiframe.fi\/en\/references\/honka\/"]}]},{"@type":"ImageObject","inLanguage":"fi","@id":"https:\/\/archiframe.fi\/en\/references\/honka\/#primaryimage","url":"https:\/\/archiframe.fi\/wp-content\/uploads\/2021\/05\/HonkaRoof2016_3.jpg","contentUrl":"https:\/\/archiframe.fi\/wp-content\/uploads\/2021\/05\/HonkaRoof2016_3.jpg","width":1400,"height":919,"caption":"Honka"},{"@type":"BreadcrumbList","@id":"https:\/\/archiframe.fi\/en\/references\/honka\/#breadcrumb","itemListElement":[{"@type":"ListItem","position":1,"name":"Home","item":"https:\/\/archiframe.fi\/en\/"},{"@type":"ListItem","position":2,"name":"Referenssit","item":"https:\/\/archiframe.fi\/en\/references\/"},{"@type":"ListItem","position":3,"name":"Honka"}]},{"@type":"WebSite","@id":"https:\/\/archiframe.fi\/en\/#website","url":"https:\/\/archiframe.fi\/en\/","name":"ArchiFrame","description":"The Archicad extension for wooden structures","potentialAction":[{"@type":"SearchAction","target":{"@type":"EntryPoint","urlTemplate":"https:\/\/archiframe.fi\/en\/?s={search_term_string}"},"query-input":{"@type":"PropertyValueSpecification","valueRequired":true,"valueName":"search_term_string"}}],"inLanguage":"fi"}]}},"_links":{"self":[{"href":"https:\/\/archiframe.fi\/fi\/wp-json\/wp\/v2\/pages\/17070","targetHints":{"allow":["GET"]}}],"collection":[{"href":"https:\/\/archiframe.fi\/fi\/wp-json\/wp\/v2\/pages"}],"about":[{"href":"https:\/\/archiframe.fi\/fi\/wp-json\/wp\/v2\/types\/page"}],"author":[{"embeddable":true,"href":"https:\/\/archiframe.fi\/fi\/wp-json\/wp\/v2\/users\/6"}],"replies":[{"embeddable":true,"href":"https:\/\/archiframe.fi\/fi\/wp-json\/wp\/v2\/comments?post=17070"}],"version-history":[{"count":0,"href":"https:\/\/archiframe.fi\/fi\/wp-json\/wp\/v2\/pages\/17070\/revisions"}],"up":[{"embeddable":true,"href":"https:\/\/archiframe.fi\/fi\/wp-json\/wp\/v2\/pages\/13614"}],"wp:featuredmedia":[{"embeddable":true,"href":"https:\/\/archiframe.fi\/fi\/wp-json\/wp\/v2\/media\/11330"}],"wp:attachment":[{"href":"https:\/\/archiframe.fi\/fi\/wp-json\/wp\/v2\/media?parent=17070"}],"curies":[{"name":"wp","href":"https:\/\/api.w.org\/{rel}","templated":true}]}}