{"id":16685,"date":"2021-05-08T11:54:19","date_gmt":"2021-05-08T11:54:19","guid":{"rendered":"https:\/\/archiframe.fi\/?page_id=16685"},"modified":"2024-08-11T17:54:04","modified_gmt":"2024-08-11T17:54:04","slug":"aiza-limited","status":"publish","type":"page","link":"https:\/\/archiframe.fi\/fi\/referenssit\/aiza-limited\/","title":{"rendered":"Aiza Limited"},"content":{"rendered":"\t\t<div data-elementor-type=\"wp-page\" data-elementor-id=\"16685\" class=\"elementor elementor-16685 elementor-1591\" data-elementor-post-type=\"page\">\n\t\t\t\t\t\t<section class=\"elementor-section elementor-top-section elementor-element elementor-element-00fcb69 elementor-section-height-min-height elementor-section-boxed elementor-section-height-default elementor-section-items-middle\" data-id=\"00fcb69\" data-element_type=\"section\" data-e-type=\"section\" data-settings=\"{&quot;background_background&quot;:&quot;classic&quot;}\">\n\t\t\t\t\t\t\t<div class=\"elementor-background-overlay\"><\/div>\n\t\t\t\t\t\t\t<div class=\"elementor-container elementor-column-gap-default\">\n\t\t\t\t\t<div class=\"elementor-column elementor-col-50 elementor-top-column elementor-element elementor-element-1e06582\" data-id=\"1e06582\" data-element_type=\"column\" data-e-type=\"column\">\n\t\t\t<div class=\"elementor-widget-wrap elementor-element-populated\">\n\t\t\t\t\t\t<div class=\"elementor-element elementor-element-d8ee03d elementor-widget elementor-widget-heading\" data-id=\"d8ee03d\" data-element_type=\"widget\" data-e-type=\"widget\" data-widget_type=\"heading.default\">\n\t\t\t\t<div class=\"elementor-widget-container\">\n\t\t\t\t\t<h2 class=\"elementor-heading-title elementor-size-default\">Aiza Limited<\/h2>\t\t\t\t<\/div>\n\t\t\t\t<\/div>\n\t\t\t\t<div class=\"elementor-element elementor-element-e552d11 elementor-widget elementor-widget-text-editor\" data-id=\"e552d11\" data-element_type=\"widget\" data-e-type=\"widget\" data-widget_type=\"text-editor.default\">\n\t\t\t\t<div class=\"elementor-widget-container\">\n\t\t\t\t\t\t\t\t\t<p>Aiza Limited, Uusi-Seelanti<\/p>\t\t\t\t\t\t\t\t<\/div>\n\t\t\t\t<\/div>\n\t\t\t\t<section class=\"elementor-section elementor-inner-section elementor-element elementor-element-f1576e1 elementor-section-boxed elementor-section-height-default elementor-section-height-default\" data-id=\"f1576e1\" data-element_type=\"section\" data-e-type=\"section\">\n\t\t\t\t\t\t<div class=\"elementor-container elementor-column-gap-default\">\n\t\t\t\t\t<div class=\"elementor-column elementor-col-100 elementor-inner-column elementor-element elementor-element-6d88d5b\" data-id=\"6d88d5b\" data-element_type=\"column\" data-e-type=\"column\">\n\t\t\t<div class=\"elementor-widget-wrap elementor-element-populated\">\n\t\t\t\t\t\t<div class=\"elementor-element elementor-element-bffb012 elementor-widget__width-initial elementor-widget elementor-widget-button\" data-id=\"bffb012\" data-element_type=\"widget\" data-e-type=\"widget\" data-widget_type=\"button.default\">\n\t\t\t\t<div class=\"elementor-widget-container\">\n\t\t\t\t\t\t\t\t\t<div class=\"elementor-button-wrapper\">\n\t\t\t\t\t<a class=\"elementor-button elementor-button-link elementor-size-sm\" href=\"https:\/\/users.archiframe.fi\/fi\/free-trial\">\n\t\t\t\t\t\t<span class=\"elementor-button-content-wrapper\">\n\t\t\t\t\t\t\t\t\t<span class=\"elementor-button-text\">Kokeile veloituksetta<\/span>\n\t\t\t\t\t<\/span>\n\t\t\t\t\t<\/a>\n\t\t\t\t<\/div>\n\t\t\t\t\t\t\t\t<\/div>\n\t\t\t\t<\/div>\n\t\t\t\t<div class=\"elementor-element elementor-element-8af046b elementor-align-left elementor-mobile-align-left elementor-widget__width-initial elementor-widget elementor-widget-button\" data-id=\"8af046b\" data-element_type=\"widget\" data-e-type=\"widget\" data-widget_type=\"button.default\">\n\t\t\t\t<div class=\"elementor-widget-container\">\n\t\t\t\t\t\t\t\t\t<div class=\"elementor-button-wrapper\">\n\t\t\t\t\t<a class=\"elementor-button elementor-button-link elementor-size-sm\" href=\"https:\/\/archiframe.fi\/fi\/osta-archiframe\/\">\n\t\t\t\t\t\t<span class=\"elementor-button-content-wrapper\">\n\t\t\t\t\t\t\t\t\t<span class=\"elementor-button-text\">Osta ArchiFrame<\/span>\n\t\t\t\t\t<\/span>\n\t\t\t\t\t<\/a>\n\t\t\t\t<\/div>\n\t\t\t\t\t\t\t\t<\/div>\n\t\t\t\t<\/div>\n\t\t\t\t\t<\/div>\n\t\t<\/div>\n\t\t\t\t\t<\/div>\n\t\t<\/section>\n\t\t\t\t\t<\/div>\n\t\t<\/div>\n\t\t\t\t<div class=\"elementor-column elementor-col-50 elementor-top-column elementor-element elementor-element-906e1c6\" data-id=\"906e1c6\" data-element_type=\"column\" data-e-type=\"column\">\n\t\t\t<div class=\"elementor-widget-wrap\">\n\t\t\t\t\t\t\t<\/div>\n\t\t<\/div>\n\t\t\t\t\t<\/div>\n\t\t<\/section>\n\t\t\t\t<section class=\"elementor-section elementor-top-section elementor-element elementor-element-356e434 elementor-section-boxed elementor-section-height-default elementor-section-height-default\" data-id=\"356e434\" data-element_type=\"section\" data-e-type=\"section\" data-settings=\"{&quot;background_background&quot;:&quot;classic&quot;}\">\n\t\t\t\t\t\t<div class=\"elementor-container elementor-column-gap-default\">\n\t\t\t\t\t<div class=\"elementor-column elementor-col-100 elementor-top-column elementor-element elementor-element-e6c429c\" data-id=\"e6c429c\" data-element_type=\"column\" data-e-type=\"column\">\n\t\t\t<div class=\"elementor-widget-wrap elementor-element-populated\">\n\t\t\t\t\t\t<div class=\"elementor-element elementor-element-051c61d elementor-widget elementor-widget-text-editor\" data-id=\"051c61d\" data-element_type=\"widget\" data-e-type=\"widget\" data-widget_type=\"text-editor.default\">\n\t\t\t\t<div class=\"elementor-widget-container\">\n\t\t\t\t\t\t\t\t\t<p><a href=\"https:\/\/archiframe.fi\/fi\/referenssit\/\">&lt; Referenssit<\/a><\/p>\t\t\t\t\t\t\t\t<\/div>\n\t\t\t\t<\/div>\n\t\t\t\t\t<\/div>\n\t\t<\/div>\n\t\t\t\t\t<\/div>\n\t\t<\/section>\n\t\t\t\t<section class=\"elementor-section elementor-top-section elementor-element elementor-element-4baec1f elementor-section-content-middle elementor-section-boxed elementor-section-height-default elementor-section-height-default\" data-id=\"4baec1f\" data-element_type=\"section\" data-e-type=\"section\" data-settings=\"{&quot;background_background&quot;:&quot;classic&quot;}\">\n\t\t\t\t\t\t<div class=\"elementor-container elementor-column-gap-no\">\n\t\t\t\t\t<div class=\"elementor-column elementor-col-50 elementor-top-column elementor-element elementor-element-cb7068b\" data-id=\"cb7068b\" data-element_type=\"column\" data-e-type=\"column\">\n\t\t\t<div class=\"elementor-widget-wrap elementor-element-populated\">\n\t\t\t\t\t\t<div class=\"elementor-element elementor-element-4c9bea1 elementor-widget elementor-widget-text-editor\" data-id=\"4c9bea1\" data-element_type=\"widget\" data-e-type=\"widget\" data-widget_type=\"text-editor.default\">\n\t\t\t\t<div class=\"elementor-widget-container\">\n\t\t\t\t\t\t\t\t\t<p>Uutena ArchiFramen k\u00e4ytt\u00e4j\u00e4n\u00e4 olen vaikuttunut lopputulosten laadukkuudesta lyhyess\u00e4 ajassa. Sopimusurakoitsijani ovat olleet innoissaan ArchiFramen tuottamista visuaalisista tulosteista ja katkaisulistoista. CNC-liit\u00e4nt\u00e4 on yksi suuri tulevaisuuden mahdollisuus. ArchiFrame tulee olemaan meille avainty\u00f6kalu t\u00e4st\u00e4 eteenp\u00e4in.<\/p>\t\t\t\t\t\t\t\t<\/div>\n\t\t\t\t<\/div>\n\t\t\t\t<div class=\"elementor-element elementor-element-dc18bb5 elementor-position-left elementor-vertical-align-middle elementor-widget elementor-widget-image-box\" data-id=\"dc18bb5\" data-element_type=\"widget\" data-e-type=\"widget\" data-widget_type=\"image-box.default\">\n\t\t\t\t<div class=\"elementor-widget-container\">\n\t\t\t\t\t<div class=\"elementor-image-box-wrapper\"><figure class=\"elementor-image-box-img\"><img fetchpriority=\"high\" decoding=\"async\" width=\"256\" height=\"256\" src=\"https:\/\/archiframe.fi\/wp-content\/uploads\/2021\/05\/Bryan_Coppersmith.png\" class=\"attachment-full size-full wp-image-1187\" alt=\"\" srcset=\"https:\/\/archiframe.fi\/wp-content\/uploads\/2021\/05\/Bryan_Coppersmith.png 256w, https:\/\/archiframe.fi\/wp-content\/uploads\/2021\/05\/Bryan_Coppersmith-150x150.png 150w\" sizes=\"(max-width: 256px) 100vw, 256px\" \/><\/figure><div class=\"elementor-image-box-content\"><h3 class=\"elementor-image-box-title\">Bryan Coppersmith<\/h3><p class=\"elementor-image-box-description\">Designer, Aiza Limited<\/p><\/div><\/div>\t\t\t\t<\/div>\n\t\t\t\t<\/div>\n\t\t\t\t\t<\/div>\n\t\t<\/div>\n\t\t\t\t<div class=\"elementor-column elementor-col-50 elementor-top-column elementor-element elementor-element-bef4579\" data-id=\"bef4579\" data-element_type=\"column\" data-e-type=\"column\" data-settings=\"{&quot;background_background&quot;:&quot;classic&quot;}\">\n\t\t\t<div class=\"elementor-widget-wrap elementor-element-populated\">\n\t\t\t\t\t\t\t<\/div>\n\t\t<\/div>\n\t\t\t\t\t<\/div>\n\t\t<\/section>\n\t\t\t\t<section class=\"elementor-section elementor-top-section elementor-element elementor-element-2f96e56 elementor-section-boxed elementor-section-height-default elementor-section-height-default\" data-id=\"2f96e56\" data-element_type=\"section\" data-e-type=\"section\" data-settings=\"{&quot;background_background&quot;:&quot;classic&quot;}\">\n\t\t\t\t\t\t<div class=\"elementor-container elementor-column-gap-default\">\n\t\t\t\t\t<div class=\"elementor-column elementor-col-100 elementor-top-column elementor-element elementor-element-f32f035\" data-id=\"f32f035\" data-element_type=\"column\" data-e-type=\"column\">\n\t\t\t<div class=\"elementor-widget-wrap elementor-element-populated\">\n\t\t\t\t\t\t<div class=\"elementor-element elementor-element-8d6f108 elementor-widget elementor-widget-template\" data-id=\"8d6f108\" data-element_type=\"widget\" data-e-type=\"widget\" data-widget_type=\"template.default\">\n\t\t\t\t<div class=\"elementor-widget-container\">\n\t\t\t\t\t\t\t<div class=\"elementor-template\">\n\t\t\t\t\t<div data-elementor-type=\"section\" data-elementor-id=\"2859\" class=\"elementor elementor-2859\" data-elementor-post-type=\"elementor_library\">\n\t\t\t\t\t<section class=\"elementor-section elementor-top-section elementor-element elementor-element-303dca4 elementor-section-boxed elementor-section-height-default elementor-section-height-default\" data-id=\"303dca4\" data-element_type=\"section\" data-e-type=\"section\">\n\t\t\t\t\t\t<div class=\"elementor-container elementor-column-gap-default\">\n\t\t\t\t\t<div class=\"elementor-column elementor-col-100 elementor-top-column elementor-element elementor-element-64b3f646\" data-id=\"64b3f646\" data-element_type=\"column\" data-e-type=\"column\">\n\t\t\t<div class=\"elementor-widget-wrap elementor-element-populated\">\n\t\t\t\t\t\t<div class=\"elementor-element elementor-element-5127f16d elementor-share-buttons--view-icon elementor-share-buttons--skin-gradient elementor-share-buttons--shape-square elementor-grid-0 elementor-share-buttons--color-official elementor-widget elementor-widget-share-buttons\" data-id=\"5127f16d\" data-element_type=\"widget\" data-e-type=\"widget\" data-widget_type=\"share-buttons.default\">\n\t\t\t\t<div class=\"elementor-widget-container\">\n\t\t\t\t\t\t\t<div class=\"elementor-grid\" role=\"list\">\n\t\t\t\t\t\t\t\t<div class=\"elementor-grid-item\" role=\"listitem\">\n\t\t\t\t\t\t<div class=\"elementor-share-btn elementor-share-btn_facebook\" role=\"button\" tabindex=\"0\" aria-label=\"Share on facebook\">\n\t\t\t\t\t\t\t\t\t\t\t\t\t\t\t<span class=\"elementor-share-btn__icon\">\n\t\t\t\t\t\t\t\t<i class=\"fab fa-facebook\" aria-hidden=\"true\"><\/i>\t\t\t\t\t\t\t<\/span>\n\t\t\t\t\t\t\t\t\t\t\t\t\t\t\t\t\t\t\t\t<\/div>\n\t\t\t\t\t<\/div>\n\t\t\t\t\t\t\t\t\t<div class=\"elementor-grid-item\" role=\"listitem\">\n\t\t\t\t\t\t<div class=\"elementor-share-btn elementor-share-btn_twitter\" role=\"button\" tabindex=\"0\" aria-label=\"Share on twitter\">\n\t\t\t\t\t\t\t\t\t\t\t\t\t\t\t<span class=\"elementor-share-btn__icon\">\n\t\t\t\t\t\t\t\t<i class=\"fab fa-twitter\" aria-hidden=\"true\"><\/i>\t\t\t\t\t\t\t<\/span>\n\t\t\t\t\t\t\t\t\t\t\t\t\t\t\t\t\t\t\t\t<\/div>\n\t\t\t\t\t<\/div>\n\t\t\t\t\t\t\t\t\t<div class=\"elementor-grid-item\" role=\"listitem\">\n\t\t\t\t\t\t<div class=\"elementor-share-btn elementor-share-btn_linkedin\" role=\"button\" tabindex=\"0\" aria-label=\"Share on linkedin\">\n\t\t\t\t\t\t\t\t\t\t\t\t\t\t\t<span class=\"elementor-share-btn__icon\">\n\t\t\t\t\t\t\t\t<i class=\"fab fa-linkedin\" aria-hidden=\"true\"><\/i>\t\t\t\t\t\t\t<\/span>\n\t\t\t\t\t\t\t\t\t\t\t\t\t\t\t\t\t\t\t\t<\/div>\n\t\t\t\t\t<\/div>\n\t\t\t\t\t\t\t\t\t<div class=\"elementor-grid-item\" role=\"listitem\">\n\t\t\t\t\t\t<div class=\"elementor-share-btn elementor-share-btn_email\" role=\"button\" tabindex=\"0\" aria-label=\"Share on email\">\n\t\t\t\t\t\t\t\t\t\t\t\t\t\t\t<span class=\"elementor-share-btn__icon\">\n\t\t\t\t\t\t\t\t<i class=\"fas fa-envelope\" aria-hidden=\"true\"><\/i>\t\t\t\t\t\t\t<\/span>\n\t\t\t\t\t\t\t\t\t\t\t\t\t\t\t\t\t\t\t\t<\/div>\n\t\t\t\t\t<\/div>\n\t\t\t\t\t\t<\/div>\n\t\t\t\t\t\t<\/div>\n\t\t\t\t<\/div>\n\t\t\t\t\t<\/div>\n\t\t<\/div>\n\t\t\t\t\t<\/div>\n\t\t<\/section>\n\t\t\t\t<\/div>\n\t\t\t\t<\/div>\n\t\t\t\t\t\t<\/div>\n\t\t\t\t<\/div>\n\t\t\t\t\t<\/div>\n\t\t<\/div>\n\t\t\t\t\t<\/div>\n\t\t<\/section>\n\t\t\t\t<\/div>\n\t\t","protected":false},"excerpt":{"rendered":"<p>Aiza Limited Aiza Limited, Uusi-Seelanti Kokeile veloituksetta Osta ArchiFrame &lt; Referenssit Uutena ArchiFramen k\u00e4ytt\u00e4j\u00e4n\u00e4 olen vaikuttunut lopputulosten laadukkuudesta lyhyess\u00e4 ajassa. Sopimusurakoitsijani ovat olleet innoissaan ArchiFramen tuottamista visuaalisista tulosteista ja katkaisulistoista. [&hellip;]<\/p>\n","protected":false},"author":6,"featured_media":12330,"parent":13614,"menu_order":0,"comment_status":"closed","ping_status":"closed","template":"elementor_header_footer","meta":{"footnotes":""},"class_list":["post-16685","page","type-page","status-publish","has-post-thumbnail","hentry"],"yoast_head":"<!-- This site is optimized with the Yoast SEO plugin v27.4 - https:\/\/yoast.com\/product\/yoast-seo-wordpress\/ -->\n<title>Aiza Limited - ArchiFrame<\/title>\n<meta name=\"robots\" content=\"index, follow, max-snippet:-1, max-image-preview:large, max-video-preview:-1\" \/>\n<link rel=\"canonical\" href=\"https:\/\/archiframe.fi\/en\/references\/aiza-limited\/\" \/>\n<meta property=\"og:locale\" content=\"fi_FI\" \/>\n<meta property=\"og:type\" content=\"article\" \/>\n<meta property=\"og:title\" content=\"Aiza Limited - ArchiFrame\" \/>\n<meta property=\"og:description\" content=\"Aiza Limited Aiza Limited, Uusi-Seelanti Kokeile veloituksetta Osta ArchiFrame &lt; Referenssit Uutena ArchiFramen k\u00e4ytt\u00e4j\u00e4n\u00e4 olen vaikuttunut lopputulosten laadukkuudesta lyhyess\u00e4 ajassa. Sopimusurakoitsijani ovat olleet innoissaan ArchiFramen tuottamista visuaalisista tulosteista ja katkaisulistoista. [&hellip;]\" \/>\n<meta property=\"og:url\" content=\"https:\/\/archiframe.fi\/en\/references\/aiza-limited\/\" \/>\n<meta property=\"og:site_name\" content=\"ArchiFrame\" \/>\n<meta property=\"article:modified_time\" content=\"2024-08-11T17:54:04+00:00\" \/>\n<meta property=\"og:image\" content=\"https:\/\/archiframe.fi\/wp-content\/uploads\/2021\/06\/kuva52_pieni-scaled.jpg\" \/>\n\t<meta property=\"og:image:width\" content=\"2560\" \/>\n\t<meta property=\"og:image:height\" content=\"1438\" \/>\n\t<meta property=\"og:image:type\" content=\"image\/jpeg\" \/>\n<meta name=\"twitter:card\" content=\"summary_large_image\" \/>\n<meta name=\"twitter:label1\" content=\"Arvioitu lukuaika\" \/>\n\t<meta name=\"twitter:data1\" content=\"1 minuutti\" \/>\n<script type=\"application\/ld+json\" class=\"yoast-schema-graph\">{\"@context\":\"https:\\\/\\\/schema.org\",\"@graph\":[{\"@type\":\"WebPage\",\"@id\":\"https:\\\/\\\/archiframe.fi\\\/en\\\/references\\\/aiza-limited\\\/\",\"url\":\"https:\\\/\\\/archiframe.fi\\\/en\\\/references\\\/aiza-limited\\\/\",\"name\":\"Aiza Limited - ArchiFrame\",\"isPartOf\":{\"@id\":\"https:\\\/\\\/archiframe.fi\\\/en\\\/#website\"},\"primaryImageOfPage\":{\"@id\":\"https:\\\/\\\/archiframe.fi\\\/en\\\/references\\\/aiza-limited\\\/#primaryimage\"},\"image\":{\"@id\":\"https:\\\/\\\/archiframe.fi\\\/en\\\/references\\\/aiza-limited\\\/#primaryimage\"},\"thumbnailUrl\":\"https:\\\/\\\/archiframe.fi\\\/wp-content\\\/uploads\\\/2021\\\/06\\\/kuva52_pieni-scaled.jpg\",\"datePublished\":\"2021-05-08T11:54:19+00:00\",\"dateModified\":\"2024-08-11T17:54:04+00:00\",\"breadcrumb\":{\"@id\":\"https:\\\/\\\/archiframe.fi\\\/en\\\/references\\\/aiza-limited\\\/#breadcrumb\"},\"inLanguage\":\"fi\",\"potentialAction\":[{\"@type\":\"ReadAction\",\"target\":[\"https:\\\/\\\/archiframe.fi\\\/en\\\/references\\\/aiza-limited\\\/\"]}]},{\"@type\":\"ImageObject\",\"inLanguage\":\"fi\",\"@id\":\"https:\\\/\\\/archiframe.fi\\\/en\\\/references\\\/aiza-limited\\\/#primaryimage\",\"url\":\"https:\\\/\\\/archiframe.fi\\\/wp-content\\\/uploads\\\/2021\\\/06\\\/kuva52_pieni-scaled.jpg\",\"contentUrl\":\"https:\\\/\\\/archiframe.fi\\\/wp-content\\\/uploads\\\/2021\\\/06\\\/kuva52_pieni-scaled.jpg\",\"width\":2560,\"height\":1438},{\"@type\":\"BreadcrumbList\",\"@id\":\"https:\\\/\\\/archiframe.fi\\\/en\\\/references\\\/aiza-limited\\\/#breadcrumb\",\"itemListElement\":[{\"@type\":\"ListItem\",\"position\":1,\"name\":\"Home\",\"item\":\"https:\\\/\\\/archiframe.fi\\\/en\\\/\"},{\"@type\":\"ListItem\",\"position\":2,\"name\":\"Referenssit\",\"item\":\"https:\\\/\\\/archiframe.fi\\\/en\\\/references\\\/\"},{\"@type\":\"ListItem\",\"position\":3,\"name\":\"Aiza Limited\"}]},{\"@type\":\"WebSite\",\"@id\":\"https:\\\/\\\/archiframe.fi\\\/en\\\/#website\",\"url\":\"https:\\\/\\\/archiframe.fi\\\/en\\\/\",\"name\":\"ArchiFrame\",\"description\":\"The Archicad extension for wooden structures\",\"potentialAction\":[{\"@type\":\"SearchAction\",\"target\":{\"@type\":\"EntryPoint\",\"urlTemplate\":\"https:\\\/\\\/archiframe.fi\\\/en\\\/?s={search_term_string}\"},\"query-input\":{\"@type\":\"PropertyValueSpecification\",\"valueRequired\":true,\"valueName\":\"search_term_string\"}}],\"inLanguage\":\"fi\"}]}<\/script>\n<!-- \/ Yoast SEO plugin. -->","yoast_head_json":{"title":"Aiza Limited - ArchiFrame","robots":{"index":"index","follow":"follow","max-snippet":"max-snippet:-1","max-image-preview":"max-image-preview:large","max-video-preview":"max-video-preview:-1"},"canonical":"https:\/\/archiframe.fi\/en\/references\/aiza-limited\/","og_locale":"fi_FI","og_type":"article","og_title":"Aiza Limited - ArchiFrame","og_description":"Aiza Limited Aiza Limited, Uusi-Seelanti Kokeile veloituksetta Osta ArchiFrame &lt; Referenssit Uutena ArchiFramen k\u00e4ytt\u00e4j\u00e4n\u00e4 olen vaikuttunut lopputulosten laadukkuudesta lyhyess\u00e4 ajassa. Sopimusurakoitsijani ovat olleet innoissaan ArchiFramen tuottamista visuaalisista tulosteista ja katkaisulistoista. [&hellip;]","og_url":"https:\/\/archiframe.fi\/en\/references\/aiza-limited\/","og_site_name":"ArchiFrame","article_modified_time":"2024-08-11T17:54:04+00:00","og_image":[{"width":2560,"height":1438,"url":"https:\/\/archiframe.fi\/wp-content\/uploads\/2021\/06\/kuva52_pieni-scaled.jpg","type":"image\/jpeg"}],"twitter_card":"summary_large_image","twitter_misc":{"Arvioitu lukuaika":"1 minuutti"},"schema":{"@context":"https:\/\/schema.org","@graph":[{"@type":"WebPage","@id":"https:\/\/archiframe.fi\/en\/references\/aiza-limited\/","url":"https:\/\/archiframe.fi\/en\/references\/aiza-limited\/","name":"Aiza Limited - ArchiFrame","isPartOf":{"@id":"https:\/\/archiframe.fi\/en\/#website"},"primaryImageOfPage":{"@id":"https:\/\/archiframe.fi\/en\/references\/aiza-limited\/#primaryimage"},"image":{"@id":"https:\/\/archiframe.fi\/en\/references\/aiza-limited\/#primaryimage"},"thumbnailUrl":"https:\/\/archiframe.fi\/wp-content\/uploads\/2021\/06\/kuva52_pieni-scaled.jpg","datePublished":"2021-05-08T11:54:19+00:00","dateModified":"2024-08-11T17:54:04+00:00","breadcrumb":{"@id":"https:\/\/archiframe.fi\/en\/references\/aiza-limited\/#breadcrumb"},"inLanguage":"fi","potentialAction":[{"@type":"ReadAction","target":["https:\/\/archiframe.fi\/en\/references\/aiza-limited\/"]}]},{"@type":"ImageObject","inLanguage":"fi","@id":"https:\/\/archiframe.fi\/en\/references\/aiza-limited\/#primaryimage","url":"https:\/\/archiframe.fi\/wp-content\/uploads\/2021\/06\/kuva52_pieni-scaled.jpg","contentUrl":"https:\/\/archiframe.fi\/wp-content\/uploads\/2021\/06\/kuva52_pieni-scaled.jpg","width":2560,"height":1438},{"@type":"BreadcrumbList","@id":"https:\/\/archiframe.fi\/en\/references\/aiza-limited\/#breadcrumb","itemListElement":[{"@type":"ListItem","position":1,"name":"Home","item":"https:\/\/archiframe.fi\/en\/"},{"@type":"ListItem","position":2,"name":"Referenssit","item":"https:\/\/archiframe.fi\/en\/references\/"},{"@type":"ListItem","position":3,"name":"Aiza Limited"}]},{"@type":"WebSite","@id":"https:\/\/archiframe.fi\/en\/#website","url":"https:\/\/archiframe.fi\/en\/","name":"ArchiFrame","description":"The Archicad extension for wooden structures","potentialAction":[{"@type":"SearchAction","target":{"@type":"EntryPoint","urlTemplate":"https:\/\/archiframe.fi\/en\/?s={search_term_string}"},"query-input":{"@type":"PropertyValueSpecification","valueRequired":true,"valueName":"search_term_string"}}],"inLanguage":"fi"}]}},"_links":{"self":[{"href":"https:\/\/archiframe.fi\/fi\/wp-json\/wp\/v2\/pages\/16685","targetHints":{"allow":["GET"]}}],"collection":[{"href":"https:\/\/archiframe.fi\/fi\/wp-json\/wp\/v2\/pages"}],"about":[{"href":"https:\/\/archiframe.fi\/fi\/wp-json\/wp\/v2\/types\/page"}],"author":[{"embeddable":true,"href":"https:\/\/archiframe.fi\/fi\/wp-json\/wp\/v2\/users\/6"}],"replies":[{"embeddable":true,"href":"https:\/\/archiframe.fi\/fi\/wp-json\/wp\/v2\/comments?post=16685"}],"version-history":[{"count":0,"href":"https:\/\/archiframe.fi\/fi\/wp-json\/wp\/v2\/pages\/16685\/revisions"}],"up":[{"embeddable":true,"href":"https:\/\/archiframe.fi\/fi\/wp-json\/wp\/v2\/pages\/13614"}],"wp:featuredmedia":[{"embeddable":true,"href":"https:\/\/archiframe.fi\/fi\/wp-json\/wp\/v2\/media\/12330"}],"wp:attachment":[{"href":"https:\/\/archiframe.fi\/fi\/wp-json\/wp\/v2\/media?parent=16685"}],"curies":[{"name":"wp","href":"https:\/\/api.w.org\/{rel}","templated":true}]}}